{"id":19358,"date":"2026-03-24T16:38:18","date_gmt":"2026-03-24T14:38:18","guid":{"rendered":"https:\/\/www.ksttukku.fi\/kauppa\/?post_type=product&#038;p=19358"},"modified":"2026-03-24T16:38:18","modified_gmt":"2026-03-24T14:38:18","slug":"pupunen-lastenmatto-pyorea-120-cm","status":"publish","type":"product","link":"https:\/\/www.ksttukku.fi\/kauppa\/tuote\/pupunen-lastenmatto-pyorea-120-cm\/","title":{"rendered":"Pupunen lastenmatto py\u00f6re\u00e4 120 cm"},"content":{"rendered":"<p>Pupunen lastenmatto on ohut ja kevyt, joten sit\u00e4 on helppo k\u00e4sitell\u00e4 ja liikutella.<\/p>\n<p>Maton pohja on liukumaton, joten se pysyy hyvin paikallaan.<\/p>\n<p>Maton pinta on sile\u00e4, joten se on helppo imuroida.<\/p>\n<p>&nbsp;Matto on p\u00f6ly\u00e4m\u00e4t\u00f6n ja vesipest\u00e4v\u00e4.<\/p>\n<p>&nbsp;Maton reuna on viimeistelty lankakanttauksella.<\/p>\n<p>Materiaali: 100 % kierr\u00e4tetty polyesteri<\/p>\n<p>Tarvittaessa pese matto viile\u00e4ll\u00e4 vedell\u00e4.<\/p>\n<p>Kastele matto huolellisesti ja k\u00e4yt\u00e4 veteen liuotettua mietoa pesuaineliuosta. \u00c4l\u00e4 hankaa mattoa. Huuhtele matto huolellisesti ja kuivata tasossa. Tasossa kuivatettu matto asettuu kauniimmin lattialle.&nbsp;<\/p>\n","protected":false},"excerpt":{"rendered":"<p>Pupunen lastenmatto on ohut ja kevyt, joten sit\u00e4 on helppo k\u00e4sitell\u00e4 ja liikutella. Maton pohja on liukumaton, joten se pysyy hyvin paikallaan. Maton pinta on sile\u00e4, joten se on helppo imuroida. &nbsp;Matto on p\u00f6ly\u00e4m\u00e4t\u00f6n ja vesipest\u00e4v\u00e4. &nbsp;Maton reuna on viimeistelty lankakanttauksella. Materiaali: 100 % kierr\u00e4tetty polyesteri Tarvittaessa pese matto viile\u00e4ll\u00e4 vedell\u00e4. Kastele matto huolellisesti ja [&hellip;]<\/p>\n","protected":false},"featured_media":19361,"comment_status":"closed","ping_status":"closed","template":"","meta":[],"product_brand":[],"product_cat":[25,22,516],"product_tag":[],"class_list":{"0":"post-19358","1":"product","2":"type-product","3":"status-publish","4":"has-post-thumbnail","6":"product_cat-lastenhuonematot","7":"product_cat-matot","8":"product_cat-sileaksi-kudottu-matto","10":"first","11":"instock","12":"taxable","13":"shipping-taxable","14":"purchasable","15":"product-type-simple"},"_links":{"self":[{"href":"https:\/\/www.ksttukku.fi\/kauppa\/wp-json\/wp\/v2\/product\/19358","targetHints":{"allow":["GET"]}}],"collection":[{"href":"https:\/\/www.ksttukku.fi\/kauppa\/wp-json\/wp\/v2\/product"}],"about":[{"href":"https:\/\/www.ksttukku.fi\/kauppa\/wp-json\/wp\/v2\/types\/product"}],"replies":[{"embeddable":true,"href":"https:\/\/www.ksttukku.fi\/kauppa\/wp-json\/wp\/v2\/comments?post=19358"}],"wp:featuredmedia":[{"embeddable":true,"href":"https:\/\/www.ksttukku.fi\/kauppa\/wp-json\/wp\/v2\/media\/19361"}],"wp:attachment":[{"href":"https:\/\/www.ksttukku.fi\/kauppa\/wp-json\/wp\/v2\/media?parent=19358"}],"wp:term":[{"taxonomy":"product_brand","embeddable":true,"href":"https:\/\/www.ksttukku.fi\/kauppa\/wp-json\/wp\/v2\/product_brand?post=19358"},{"taxonomy":"product_cat","embeddable":true,"href":"https:\/\/www.ksttukku.fi\/kauppa\/wp-json\/wp\/v2\/product_cat?post=19358"},{"taxonomy":"product_tag","embeddable":true,"href":"https:\/\/www.ksttukku.fi\/kauppa\/wp-json\/wp\/v2\/product_tag?post=19358"}],"curies":[{"name":"wp","href":"https:\/\/api.w.org\/{rel}","templated":true}]}}