{"id":19429,"date":"2026-04-01T10:47:02","date_gmt":"2026-04-01T07:47:02","guid":{"rendered":"https:\/\/www.ksttukku.fi\/kauppa\/?post_type=product&#038;p=19429"},"modified":"2026-04-01T10:52:55","modified_gmt":"2026-04-01T07:52:55","slug":"anoom-poytavalaisin-musta","status":"publish","type":"product","link":"https:\/\/www.ksttukku.fi\/kauppa\/tuote\/anoom-poytavalaisin-musta\/","title":{"rendered":"Anoom p\u00f6yt\u00e4valaisin musta"},"content":{"rendered":"<p>Siev\u00e4 p\u00f6yt\u00e4valaisin, jossa puiset yksityiskohdat, puumateriaali sertifioitua.<\/p>\n<p>Kuvun halkaisija 12 cm,<\/p>\n<p>valaisimen korkeus 34 cm.&nbsp;<\/p>\n<p>Kanta: E27<\/p>\n<p>Johdon pituus: 180 cm<\/p>\n<p>On\/off-kytkin jalustassa<\/p>\n","protected":false},"excerpt":{"rendered":"<p>Siev\u00e4 p\u00f6yt\u00e4valaisin, jossa puiset yksityiskohdat, puumateriaali sertifioitua. Kuvun halkaisija 12 cm, valaisimen korkeus 34 cm.&nbsp; Kanta: E27 Johdon pituus: 180 cm On\/off-kytkin jalustassa<\/p>\n","protected":false},"featured_media":19430,"comment_status":"closed","ping_status":"closed","template":"","meta":[],"product_brand":[],"product_cat":[44,35,34],"product_tag":[],"class_list":{"0":"post-19429","1":"product","2":"type-product","3":"status-publish","4":"has-post-thumbnail","6":"product_cat-poytavalaisimet","7":"product_cat-sisavalaisimet","8":"product_cat-valaisimet","10":"first","11":"instock","12":"taxable","13":"shipping-taxable","14":"purchasable","15":"product-type-simple"},"_links":{"self":[{"href":"https:\/\/www.ksttukku.fi\/kauppa\/wp-json\/wp\/v2\/product\/19429","targetHints":{"allow":["GET"]}}],"collection":[{"href":"https:\/\/www.ksttukku.fi\/kauppa\/wp-json\/wp\/v2\/product"}],"about":[{"href":"https:\/\/www.ksttukku.fi\/kauppa\/wp-json\/wp\/v2\/types\/product"}],"replies":[{"embeddable":true,"href":"https:\/\/www.ksttukku.fi\/kauppa\/wp-json\/wp\/v2\/comments?post=19429"}],"wp:featuredmedia":[{"embeddable":true,"href":"https:\/\/www.ksttukku.fi\/kauppa\/wp-json\/wp\/v2\/media\/19430"}],"wp:attachment":[{"href":"https:\/\/www.ksttukku.fi\/kauppa\/wp-json\/wp\/v2\/media?parent=19429"}],"wp:term":[{"taxonomy":"product_brand","embeddable":true,"href":"https:\/\/www.ksttukku.fi\/kauppa\/wp-json\/wp\/v2\/product_brand?post=19429"},{"taxonomy":"product_cat","embeddable":true,"href":"https:\/\/www.ksttukku.fi\/kauppa\/wp-json\/wp\/v2\/product_cat?post=19429"},{"taxonomy":"product_tag","embeddable":true,"href":"https:\/\/www.ksttukku.fi\/kauppa\/wp-json\/wp\/v2\/product_tag?post=19429"}],"curies":[{"name":"wp","href":"https:\/\/api.w.org\/{rel}","templated":true}]}}