{"id":1944,"date":"2018-08-22T13:52:16","date_gmt":"2018-08-22T10:52:16","guid":{"rendered":"http:\/\/www.ksttukku.fi\/kauppa\/?post_type=product&#038;p=1944"},"modified":"2025-09-26T16:01:05","modified_gmt":"2025-09-26T13:01:05","slug":"valokiekko-vesitiivis","status":"publish","type":"product","link":"https:\/\/www.ksttukku.fi\/kauppa\/tuote\/valokiekko-vesitiivis\/","title":{"rendered":"Valokiekko vesitiivis"},"content":{"rendered":"<p>Koko: 7 x 7 x 2,5 cm.<br \/>\nMateriaali: Muovi, paristot 3*AAA (ei sis\u00e4lly).<br \/>\nKiekkomallinen vesitiivis led valo, joka voidaan upottaa veteen esim. lasimaljakon pohjalle, voidaan k\u00e4ytt\u00e4\u00e4 my\u00f6s paljuissa ja ulkoaltaissa<br \/>\nkauko-ohjattava<\/p>\n","protected":false},"excerpt":{"rendered":"<p>Koko: 7 x 7 x 2,5 cm. Materiaali: Muovi, paristot 3*AAA (ei sis\u00e4lly). Kiekkomallinen vesitiivis led valo, joka voidaan upottaa veteen esim. lasimaljakon pohjalle, voidaan k\u00e4ytt\u00e4\u00e4 my\u00f6s paljuissa ja ulkoaltaissa kauko-ohjattava<\/p>\n","protected":false},"featured_media":1945,"comment_status":"closed","ping_status":"closed","template":"","meta":[],"product_brand":[],"product_cat":[176,34,177],"product_tag":[],"class_list":{"0":"post-1944","1":"product","2":"type-product","3":"status-publish","4":"has-post-thumbnail","6":"product_cat-joulu-ja-koristevalot","7":"product_cat-valaisimet","8":"product_cat-valosarjat","10":"first","11":"outofstock","12":"taxable","13":"shipping-taxable","14":"purchasable","15":"product-type-simple"},"_links":{"self":[{"href":"https:\/\/www.ksttukku.fi\/kauppa\/wp-json\/wp\/v2\/product\/1944","targetHints":{"allow":["GET"]}}],"collection":[{"href":"https:\/\/www.ksttukku.fi\/kauppa\/wp-json\/wp\/v2\/product"}],"about":[{"href":"https:\/\/www.ksttukku.fi\/kauppa\/wp-json\/wp\/v2\/types\/product"}],"replies":[{"embeddable":true,"href":"https:\/\/www.ksttukku.fi\/kauppa\/wp-json\/wp\/v2\/comments?post=1944"}],"wp:featuredmedia":[{"embeddable":true,"href":"https:\/\/www.ksttukku.fi\/kauppa\/wp-json\/wp\/v2\/media\/1945"}],"wp:attachment":[{"href":"https:\/\/www.ksttukku.fi\/kauppa\/wp-json\/wp\/v2\/media?parent=1944"}],"wp:term":[{"taxonomy":"product_brand","embeddable":true,"href":"https:\/\/www.ksttukku.fi\/kauppa\/wp-json\/wp\/v2\/product_brand?post=1944"},{"taxonomy":"product_cat","embeddable":true,"href":"https:\/\/www.ksttukku.fi\/kauppa\/wp-json\/wp\/v2\/product_cat?post=1944"},{"taxonomy":"product_tag","embeddable":true,"href":"https:\/\/www.ksttukku.fi\/kauppa\/wp-json\/wp\/v2\/product_tag?post=1944"}],"curies":[{"name":"wp","href":"https:\/\/api.w.org\/{rel}","templated":true}]}}