{"id":19475,"date":"2026-04-08T15:37:20","date_gmt":"2026-04-08T12:37:20","guid":{"rendered":"https:\/\/www.ksttukku.fi\/kauppa\/?post_type=product&#038;p=19475"},"modified":"2026-04-08T15:37:20","modified_gmt":"2026-04-08T12:37:20","slug":"vartalotyyny-body-40x145-cm-harmaa","status":"publish","type":"product","link":"https:\/\/www.ksttukku.fi\/kauppa\/tuote\/vartalotyyny-body-40x145-cm-harmaa\/","title":{"rendered":"Vartalotyyny Body 40&#215;145 cm harmaa"},"content":{"rendered":"<p>Erikoispitk\u00e4 vartalotyyny on ihanteellinen erityisesti kylkiasennossa nukkuville.<\/p>\n<p>Pitk\u00e4 tyyny tukee nukkumisasentoa, antaa tukea koko vartalolle ja hyv\u00e4n nukkumisasennon l\u00f6yt\u00e4minen on helppoa.&nbsp;<\/p>\n<p>Vartalotyyny sopii kaikille: selk\u00e4kipuisille, raskaana oleville, naisille, miehille ja lapsille.<\/p>\n<p>Pehme\u00e4 t\u00e4yte tekee tyynyst\u00e4 joustavan ja muotoiltavan.<\/p>\n<p>P\u00e4\u00e4llinen on irrotettava ja kest\u00e4\u00e4 konepesun 60 asteessa.&nbsp;<\/p>\n<p>Materiaali: polyesterimikrokuitukangas, t\u00e4yte 1000 g polyesteriontelokuitu&nbsp;<\/p>\n","protected":false},"excerpt":{"rendered":"<p>Erikoispitk\u00e4 vartalotyyny on ihanteellinen erityisesti kylkiasennossa nukkuville. Pitk\u00e4 tyyny tukee nukkumisasentoa, antaa tukea koko vartalolle ja hyv\u00e4n nukkumisasennon l\u00f6yt\u00e4minen on helppoa.&nbsp; Vartalotyyny sopii kaikille: selk\u00e4kipuisille, raskaana oleville, naisille, miehille ja lapsille. Pehme\u00e4 t\u00e4yte tekee tyynyst\u00e4 joustavan ja muotoiltavan. P\u00e4\u00e4llinen on irrotettava ja kest\u00e4\u00e4 konepesun 60 asteessa.&nbsp; Materiaali: polyesterimikrokuitukangas, t\u00e4yte 1000 g polyesteriontelokuitu&nbsp;<\/p>\n","protected":false},"featured_media":19477,"comment_status":"closed","ping_status":"closed","template":"","meta":[],"product_brand":[],"product_cat":[377,475],"product_tag":[],"class_list":{"0":"post-19475","1":"product","2":"type-product","3":"status-publish","4":"has-post-thumbnail","6":"product_cat-sisustus-lahjatavarat","7":"product_cat-torkkupeitot-ja-tyynyt","9":"first","10":"instock","11":"sale","12":"taxable","13":"shipping-taxable","14":"purchasable","15":"product-type-simple"},"_links":{"self":[{"href":"https:\/\/www.ksttukku.fi\/kauppa\/wp-json\/wp\/v2\/product\/19475","targetHints":{"allow":["GET"]}}],"collection":[{"href":"https:\/\/www.ksttukku.fi\/kauppa\/wp-json\/wp\/v2\/product"}],"about":[{"href":"https:\/\/www.ksttukku.fi\/kauppa\/wp-json\/wp\/v2\/types\/product"}],"replies":[{"embeddable":true,"href":"https:\/\/www.ksttukku.fi\/kauppa\/wp-json\/wp\/v2\/comments?post=19475"}],"wp:featuredmedia":[{"embeddable":true,"href":"https:\/\/www.ksttukku.fi\/kauppa\/wp-json\/wp\/v2\/media\/19477"}],"wp:attachment":[{"href":"https:\/\/www.ksttukku.fi\/kauppa\/wp-json\/wp\/v2\/media?parent=19475"}],"wp:term":[{"taxonomy":"product_brand","embeddable":true,"href":"https:\/\/www.ksttukku.fi\/kauppa\/wp-json\/wp\/v2\/product_brand?post=19475"},{"taxonomy":"product_cat","embeddable":true,"href":"https:\/\/www.ksttukku.fi\/kauppa\/wp-json\/wp\/v2\/product_cat?post=19475"},{"taxonomy":"product_tag","embeddable":true,"href":"https:\/\/www.ksttukku.fi\/kauppa\/wp-json\/wp\/v2\/product_tag?post=19475"}],"curies":[{"name":"wp","href":"https:\/\/api.w.org\/{rel}","templated":true}]}}