{"id":19480,"date":"2026-04-08T17:21:21","date_gmt":"2026-04-08T14:21:21","guid":{"rendered":"https:\/\/www.ksttukku.fi\/kauppa\/?post_type=product&#038;p=19480"},"modified":"2026-04-08T17:41:16","modified_gmt":"2026-04-08T14:41:16","slug":"kalustejalka-kiiltava-kromi-200-mm","status":"publish","type":"product","link":"https:\/\/www.ksttukku.fi\/kauppa\/tuote\/kalustejalka-kiiltava-kromi-200-mm\/","title":{"rendered":"Kalustejalka kiilt\u00e4v\u00e4 kromi 200 mm"},"content":{"rendered":"<p>Ter\u00e4ksest\u00e4 valmistettu putki- \/ kalustejalka laipalla. Viimeistely kromattu. Jalan pohjassa s\u00e4\u00e4t\u00f6ruuvi, jonka avulla kalusteen saa s\u00e4\u00e4detty\u00e4 suoraan ep\u00e4tasaisellakin lattialla. K\u00e4ytt\u00f6kohteena erilaiset kalusteet, mm. p\u00f6yd\u00e4t ja lipastot.<\/p>\n<p>Pisla-kalustejalka on paksuimmasta kohdasta 25 mm ja kapeimmasta kohdasta 13 mm.&nbsp;<\/p>\n<p>korkeus 200 mm<br \/>\nputken vahvuus 13 &#8211; 25 mm<br \/>\nlaipan koko 60 x 60 mm<br \/>\ns\u00e4\u00e4t\u00f6ruuvi, jonka s\u00e4\u00e4t\u00f6vara n. 10 mm<\/p>\n","protected":false},"excerpt":{"rendered":"<p>Ter\u00e4ksest\u00e4 valmistettu putki- \/ kalustejalka laipalla. Viimeistely kromattu. Jalan pohjassa s\u00e4\u00e4t\u00f6ruuvi, jonka avulla kalusteen saa s\u00e4\u00e4detty\u00e4 suoraan ep\u00e4tasaisellakin lattialla. K\u00e4ytt\u00f6kohteena erilaiset kalusteet, mm. p\u00f6yd\u00e4t ja lipastot. Pisla-kalustejalka on paksuimmasta kohdasta 25 mm ja kapeimmasta kohdasta 13 mm.&nbsp; korkeus 200 mm putken vahvuus 13 &#8211; 25 mm laipan koko 60 x 60 mm s\u00e4\u00e4t\u00f6ruuvi, jonka s\u00e4\u00e4t\u00f6vara [&hellip;]<\/p>\n","protected":false},"featured_media":19483,"comment_status":"closed","ping_status":"closed","template":"","meta":[],"product_brand":[],"product_cat":[320],"product_tag":[],"class_list":{"0":"post-19480","1":"product","2":"type-product","3":"status-publish","4":"has-post-thumbnail","6":"product_cat-kalustejalat","8":"first","9":"instock","10":"taxable","11":"shipping-taxable","12":"purchasable","13":"product-type-simple"},"_links":{"self":[{"href":"https:\/\/www.ksttukku.fi\/kauppa\/wp-json\/wp\/v2\/product\/19480","targetHints":{"allow":["GET"]}}],"collection":[{"href":"https:\/\/www.ksttukku.fi\/kauppa\/wp-json\/wp\/v2\/product"}],"about":[{"href":"https:\/\/www.ksttukku.fi\/kauppa\/wp-json\/wp\/v2\/types\/product"}],"replies":[{"embeddable":true,"href":"https:\/\/www.ksttukku.fi\/kauppa\/wp-json\/wp\/v2\/comments?post=19480"}],"wp:featuredmedia":[{"embeddable":true,"href":"https:\/\/www.ksttukku.fi\/kauppa\/wp-json\/wp\/v2\/media\/19483"}],"wp:attachment":[{"href":"https:\/\/www.ksttukku.fi\/kauppa\/wp-json\/wp\/v2\/media?parent=19480"}],"wp:term":[{"taxonomy":"product_brand","embeddable":true,"href":"https:\/\/www.ksttukku.fi\/kauppa\/wp-json\/wp\/v2\/product_brand?post=19480"},{"taxonomy":"product_cat","embeddable":true,"href":"https:\/\/www.ksttukku.fi\/kauppa\/wp-json\/wp\/v2\/product_cat?post=19480"},{"taxonomy":"product_tag","embeddable":true,"href":"https:\/\/www.ksttukku.fi\/kauppa\/wp-json\/wp\/v2\/product_tag?post=19480"}],"curies":[{"name":"wp","href":"https:\/\/api.w.org\/{rel}","templated":true}]}}