{"id":19503,"date":"2026-04-10T16:47:35","date_gmt":"2026-04-10T13:47:35","guid":{"rendered":"https:\/\/www.ksttukku.fi\/kauppa\/?post_type=product&#038;p=19503"},"modified":"2026-04-10T16:47:35","modified_gmt":"2026-04-10T13:47:35","slug":"lamin-levy-tumma-kashmir-3650x650x3-mm","status":"publish","type":"product","link":"https:\/\/www.ksttukku.fi\/kauppa\/tuote\/lamin-levy-tumma-kashmir-3650x650x3-mm\/","title":{"rendered":"Lamin.levy TUMMA KASHMIR 3650x650x3 MM"},"content":{"rendered":"<p>Resopal korkeapainelaminaattilevy on erinomainen valinta<br \/>\nkeitti\u00f6n v\u00e4litilan sein\u00e4ratkaisuksi. Levyt ovat eritt\u00e4in<br \/>\nkosteudenkest\u00e4vi\u00e4 ja antibakteerisia. Resopal<br \/>\nkorkeapainelaminaattien l\u00e4mm\u00f6nkesto on 180 astetta ja<br \/>\nniiden naarmunkest\u00e4vyys on hyv\u00e4. Levyt tulee varastoida<br \/>\naina vaaka-asennossa ja ne tulee toimittaa asennuspaikalle<br \/>\nkahta vuorokautta ennen asennusta tasaantumaan.<\/p>\n<p>koko: 3650 x650 x 3 mm<\/p>\n","protected":false},"excerpt":{"rendered":"<p>Resopal korkeapainelaminaattilevy on erinomainen valinta keitti\u00f6n v\u00e4litilan sein\u00e4ratkaisuksi. Levyt ovat eritt\u00e4in kosteudenkest\u00e4vi\u00e4 ja antibakteerisia. Resopal korkeapainelaminaattien l\u00e4mm\u00f6nkesto on 180 astetta ja niiden naarmunkest\u00e4vyys on hyv\u00e4. Levyt tulee varastoida aina vaaka-asennossa ja ne tulee toimittaa asennuspaikalle kahta vuorokautta ennen asennusta tasaantumaan. koko: 3650 x650 x 3 mm<\/p>\n","protected":false},"featured_media":19504,"comment_status":"closed","ping_status":"closed","template":"","meta":[],"product_brand":[],"product_cat":[248,245],"product_tag":[],"class_list":{"0":"post-19503","1":"product","2":"type-product","3":"status-publish","4":"has-post-thumbnail","6":"product_cat-laminaatti-sisustuslevyt","7":"product_cat-sisustuslevyt","9":"first","10":"instock","11":"taxable","12":"shipping-taxable","13":"purchasable","14":"product-type-simple"},"_links":{"self":[{"href":"https:\/\/www.ksttukku.fi\/kauppa\/wp-json\/wp\/v2\/product\/19503","targetHints":{"allow":["GET"]}}],"collection":[{"href":"https:\/\/www.ksttukku.fi\/kauppa\/wp-json\/wp\/v2\/product"}],"about":[{"href":"https:\/\/www.ksttukku.fi\/kauppa\/wp-json\/wp\/v2\/types\/product"}],"replies":[{"embeddable":true,"href":"https:\/\/www.ksttukku.fi\/kauppa\/wp-json\/wp\/v2\/comments?post=19503"}],"wp:featuredmedia":[{"embeddable":true,"href":"https:\/\/www.ksttukku.fi\/kauppa\/wp-json\/wp\/v2\/media\/19504"}],"wp:attachment":[{"href":"https:\/\/www.ksttukku.fi\/kauppa\/wp-json\/wp\/v2\/media?parent=19503"}],"wp:term":[{"taxonomy":"product_brand","embeddable":true,"href":"https:\/\/www.ksttukku.fi\/kauppa\/wp-json\/wp\/v2\/product_brand?post=19503"},{"taxonomy":"product_cat","embeddable":true,"href":"https:\/\/www.ksttukku.fi\/kauppa\/wp-json\/wp\/v2\/product_cat?post=19503"},{"taxonomy":"product_tag","embeddable":true,"href":"https:\/\/www.ksttukku.fi\/kauppa\/wp-json\/wp\/v2\/product_tag?post=19503"}],"curies":[{"name":"wp","href":"https:\/\/api.w.org\/{rel}","templated":true}]}}