{"id":19517,"date":"2026-04-14T15:44:17","date_gmt":"2026-04-14T12:44:17","guid":{"rendered":"https:\/\/www.ksttukku.fi\/kauppa\/?post_type=product&#038;p=19517"},"modified":"2026-04-14T15:57:33","modified_gmt":"2026-04-14T12:57:33","slug":"varastohylly-5-tasoinen-1500-kg","status":"publish","type":"product","link":"https:\/\/www.ksttukku.fi\/kauppa\/tuote\/varastohylly-5-tasoinen-1500-kg\/","title":{"rendered":"Varastohylly 5-tasoinen 1500 kg"},"content":{"rendered":"<p>Eritt\u00e4in vahva ter\u00e4srakenteinen varastohylly viidell\u00e4 paksulla MDF-hyllytasolla.<\/p>\n<p>Helposti ilman ty\u00f6kaluja asennettavat hyllytasot voidaan sijoittaa vapaasti rungossa sijaitsevien reikien kohdille.<\/p>\n<p>V\u00e4ri musta.<\/p>\n<p>Yhden tason kantavuus 300 kg,<\/p>\n<p>kokonaiskantavuus 1500 kg.<\/p>\n<p>Korkeus: 183 cm<\/p>\n<p>Leveys:&nbsp; &nbsp;124 cm<\/p>\n<p>Syvyys:&nbsp; &nbsp; &nbsp;48 cm<\/p>\n<p>materiaali: MDF, ter\u00e4s<\/p>\n","protected":false},"excerpt":{"rendered":"<p>Eritt\u00e4in vahva ter\u00e4srakenteinen varastohylly viidell\u00e4 paksulla MDF-hyllytasolla. Helposti ilman ty\u00f6kaluja asennettavat hyllytasot voidaan sijoittaa vapaasti rungossa sijaitsevien reikien kohdille. V\u00e4ri musta. Yhden tason kantavuus 300 kg, kokonaiskantavuus 1500 kg. Korkeus: 183 cm Leveys:&nbsp; &nbsp;124 cm Syvyys:&nbsp; &nbsp; &nbsp;48 cm materiaali: MDF, ter\u00e4s<\/p>\n","protected":false},"featured_media":19518,"comment_status":"closed","ping_status":"closed","template":"","meta":[],"product_brand":[],"product_cat":[207,559],"product_tag":[],"class_list":{"0":"post-19517","1":"product","2":"type-product","3":"status-publish","4":"has-post-thumbnail","6":"product_cat-koneet-tyokalut","7":"product_cat-varastohyllyt","9":"first","10":"instock","11":"taxable","12":"shipping-taxable","13":"purchasable","14":"product-type-simple"},"_links":{"self":[{"href":"https:\/\/www.ksttukku.fi\/kauppa\/wp-json\/wp\/v2\/product\/19517","targetHints":{"allow":["GET"]}}],"collection":[{"href":"https:\/\/www.ksttukku.fi\/kauppa\/wp-json\/wp\/v2\/product"}],"about":[{"href":"https:\/\/www.ksttukku.fi\/kauppa\/wp-json\/wp\/v2\/types\/product"}],"replies":[{"embeddable":true,"href":"https:\/\/www.ksttukku.fi\/kauppa\/wp-json\/wp\/v2\/comments?post=19517"}],"wp:featuredmedia":[{"embeddable":true,"href":"https:\/\/www.ksttukku.fi\/kauppa\/wp-json\/wp\/v2\/media\/19518"}],"wp:attachment":[{"href":"https:\/\/www.ksttukku.fi\/kauppa\/wp-json\/wp\/v2\/media?parent=19517"}],"wp:term":[{"taxonomy":"product_brand","embeddable":true,"href":"https:\/\/www.ksttukku.fi\/kauppa\/wp-json\/wp\/v2\/product_brand?post=19517"},{"taxonomy":"product_cat","embeddable":true,"href":"https:\/\/www.ksttukku.fi\/kauppa\/wp-json\/wp\/v2\/product_cat?post=19517"},{"taxonomy":"product_tag","embeddable":true,"href":"https:\/\/www.ksttukku.fi\/kauppa\/wp-json\/wp\/v2\/product_tag?post=19517"}],"curies":[{"name":"wp","href":"https:\/\/api.w.org\/{rel}","templated":true}]}}