{"id":19552,"date":"2026-04-16T15:07:13","date_gmt":"2026-04-16T12:07:13","guid":{"rendered":"https:\/\/www.ksttukku.fi\/kauppa\/?post_type=product&#038;p=19552"},"modified":"2026-04-16T15:07:13","modified_gmt":"2026-04-16T12:07:13","slug":"ruukku-roma-line-33-cm-latte","status":"publish","type":"product","link":"https:\/\/www.ksttukku.fi\/kauppa\/tuote\/ruukku-roma-line-33-cm-latte\/","title":{"rendered":"Ruukku Roma Line 33 cm latte"},"content":{"rendered":"<p>Tyylik\u00e4s sis\u00e4- ja ulkok\u00e4ytt\u00f6\u00f6n soveltuva ruukku on valmistettu kierr\u00e4tetyst\u00e4 polypropeenista.<\/p>\n<p>Ruukussa on v\u00e4lipohja, joka varmistaa vedenpoiston ja est\u00e4\u00e4 juurten seisomisen vedess\u00e4, mik\u00e4 ehk\u00e4isee juurim\u00e4t\u00e4\u00e4. Se luo juurille ilmatilan, parantaa hapensaantia ja poistaa tarpeen salaojitukselle.<\/p>\n<p>Tyhjennystulppa tekee ruukusta monik\u00e4ytt\u00f6isen: sis\u00e4ll\u00e4 tulppa kiinni, ulkona auki. Ylim\u00e4\u00e4r\u00e4inen vesi poistuu helposti ilman kasvin nostamista, mik\u00e4 v\u00e4hent\u00e4\u00e4 liikakastelua ja tukee kasvien terveytt\u00e4.<\/p>\n<p>Matalahko malli, kauniilla jaloilla, jotka antavat sek\u00e4 istutukselle, ett\u00e4 ruukulle ilmavuutta ja ryhdikkyytt\u00e4. Kaunis pintakuvio.<\/p>\n<p>UV-suojattu v\u00e4ri. Vetoisuus 12,4 L<\/p>\n<p>Halkaisija: 33cm<\/p>\n<p>Korkeus: 23.5 cm<\/p>\n<p>Materiaali: Puumuovikomposiitti<\/p>\n","protected":false},"excerpt":{"rendered":"<p>Tyylik\u00e4s sis\u00e4- ja ulkok\u00e4ytt\u00f6\u00f6n soveltuva ruukku on valmistettu kierr\u00e4tetyst\u00e4 polypropeenista. Ruukussa on v\u00e4lipohja, joka varmistaa vedenpoiston ja est\u00e4\u00e4 juurten seisomisen vedess\u00e4, mik\u00e4 ehk\u00e4isee juurim\u00e4t\u00e4\u00e4. Se luo juurille ilmatilan, parantaa hapensaantia ja poistaa tarpeen salaojitukselle. Tyhjennystulppa tekee ruukusta monik\u00e4ytt\u00f6isen: sis\u00e4ll\u00e4 tulppa kiinni, ulkona auki. Ylim\u00e4\u00e4r\u00e4inen vesi poistuu helposti ilman kasvin nostamista, mik\u00e4 v\u00e4hent\u00e4\u00e4 liikakastelua ja tukee [&hellip;]<\/p>\n","protected":false},"featured_media":19551,"comment_status":"closed","ping_status":"closed","template":"","meta":[],"product_brand":[],"product_cat":[119,491,377],"product_tag":[],"class_list":{"0":"post-19552","1":"product","2":"type-product","3":"status-publish","4":"has-post-thumbnail","6":"product_cat-kesakalusteet","7":"product_cat-kodin-sisustustuotteet","8":"product_cat-sisustus-lahjatavarat","10":"first","11":"instock","12":"taxable","13":"shipping-taxable","14":"purchasable","15":"product-type-simple"},"_links":{"self":[{"href":"https:\/\/www.ksttukku.fi\/kauppa\/wp-json\/wp\/v2\/product\/19552","targetHints":{"allow":["GET"]}}],"collection":[{"href":"https:\/\/www.ksttukku.fi\/kauppa\/wp-json\/wp\/v2\/product"}],"about":[{"href":"https:\/\/www.ksttukku.fi\/kauppa\/wp-json\/wp\/v2\/types\/product"}],"replies":[{"embeddable":true,"href":"https:\/\/www.ksttukku.fi\/kauppa\/wp-json\/wp\/v2\/comments?post=19552"}],"wp:featuredmedia":[{"embeddable":true,"href":"https:\/\/www.ksttukku.fi\/kauppa\/wp-json\/wp\/v2\/media\/19551"}],"wp:attachment":[{"href":"https:\/\/www.ksttukku.fi\/kauppa\/wp-json\/wp\/v2\/media?parent=19552"}],"wp:term":[{"taxonomy":"product_brand","embeddable":true,"href":"https:\/\/www.ksttukku.fi\/kauppa\/wp-json\/wp\/v2\/product_brand?post=19552"},{"taxonomy":"product_cat","embeddable":true,"href":"https:\/\/www.ksttukku.fi\/kauppa\/wp-json\/wp\/v2\/product_cat?post=19552"},{"taxonomy":"product_tag","embeddable":true,"href":"https:\/\/www.ksttukku.fi\/kauppa\/wp-json\/wp\/v2\/product_tag?post=19552"}],"curies":[{"name":"wp","href":"https:\/\/api.w.org\/{rel}","templated":true}]}}