{"id":19571,"date":"2026-04-18T12:22:42","date_gmt":"2026-04-18T09:22:42","guid":{"rendered":"https:\/\/www.ksttukku.fi\/kauppa\/?post_type=product&#038;p=19571"},"modified":"2026-04-18T12:22:42","modified_gmt":"2026-04-18T09:22:42","slug":"kattotuuletinvalaisin-focuslight-milano-led-o48cm-valkoinen","status":"publish","type":"product","link":"https:\/\/www.ksttukku.fi\/kauppa\/tuote\/kattotuuletinvalaisin-focuslight-milano-led-o48cm-valkoinen\/","title":{"rendered":"Kattotuuletinvalaisin FocusLight Milano Led \u00d848cm valkoinen"},"content":{"rendered":"<p>MILANO LED on tyylik\u00e4s ja monipuolinen kattotuuletinvalaisin, joka yhdist\u00e4\u00e4 tehokkaan viilennyksen ja s\u00e4\u00e4dett\u00e4v\u00e4n LED-valaistuksen yhteen moderniin kokonaisuuteen. Se sopii erinomaisesti olohuoneeseen, makuuhuoneeseen tai toimistotilaan.<br \/>\nVoit valita kuudesta eri tuuletinnopeudesta tai ajastaa tuulettimen toimimaan 1, 2, 4 tai 8 tunnin ajaksi. Valaisinosa koostuu tehokkaasta 25 W LED-keh\u00e4valosta sek\u00e4 5 W LED-keskusvalosta, jotka tarjoavat monipuolisen ja tasaisen valaistuksen.<br \/>\nV\u00e4ril\u00e4mp\u00f6tila on portaattomasti s\u00e4\u00e4dett\u00e4viss\u00e4 3000\u20135500 K v\u00e4lill\u00e4.<\/p>\n<p>My\u00f6s valotehoa voi s\u00e4\u00e4t\u00e4\u00e4 joustavasti, ja muistitoiminto tallentaa viimeksi k\u00e4ytetyt asetukset seuraavaa k\u00e4ytt\u00f6kertaa varten<\/p>\n<p>Valaisimen halkaisija on 480 mm ja korkeus 220 mm. Asennus kiinte\u00e4sti<\/p>\n","protected":false},"excerpt":{"rendered":"<p>MILANO LED on tyylik\u00e4s ja monipuolinen kattotuuletinvalaisin, joka yhdist\u00e4\u00e4 tehokkaan viilennyksen ja s\u00e4\u00e4dett\u00e4v\u00e4n LED-valaistuksen yhteen moderniin kokonaisuuteen. Se sopii erinomaisesti olohuoneeseen, makuuhuoneeseen tai toimistotilaan. Voit valita kuudesta eri tuuletinnopeudesta tai ajastaa tuulettimen toimimaan 1, 2, 4 tai 8 tunnin ajaksi. Valaisinosa koostuu tehokkaasta 25 W LED-keh\u00e4valosta sek\u00e4 5 W LED-keskusvalosta, jotka tarjoavat monipuolisen ja tasaisen [&hellip;]<\/p>\n","protected":false},"featured_media":19572,"comment_status":"closed","ping_status":"closed","template":"","meta":[],"product_brand":[],"product_cat":[175,40,35,34],"product_tag":[],"class_list":{"0":"post-19571","1":"product","2":"type-product","3":"status-publish","4":"has-post-thumbnail","6":"product_cat-tuuletinvalaisimet","7":"product_cat-kattovalaisimet","8":"product_cat-sisavalaisimet","9":"product_cat-valaisimet","11":"first","12":"instock","13":"taxable","14":"shipping-taxable","15":"purchasable","16":"product-type-simple"},"_links":{"self":[{"href":"https:\/\/www.ksttukku.fi\/kauppa\/wp-json\/wp\/v2\/product\/19571","targetHints":{"allow":["GET"]}}],"collection":[{"href":"https:\/\/www.ksttukku.fi\/kauppa\/wp-json\/wp\/v2\/product"}],"about":[{"href":"https:\/\/www.ksttukku.fi\/kauppa\/wp-json\/wp\/v2\/types\/product"}],"replies":[{"embeddable":true,"href":"https:\/\/www.ksttukku.fi\/kauppa\/wp-json\/wp\/v2\/comments?post=19571"}],"wp:featuredmedia":[{"embeddable":true,"href":"https:\/\/www.ksttukku.fi\/kauppa\/wp-json\/wp\/v2\/media\/19572"}],"wp:attachment":[{"href":"https:\/\/www.ksttukku.fi\/kauppa\/wp-json\/wp\/v2\/media?parent=19571"}],"wp:term":[{"taxonomy":"product_brand","embeddable":true,"href":"https:\/\/www.ksttukku.fi\/kauppa\/wp-json\/wp\/v2\/product_brand?post=19571"},{"taxonomy":"product_cat","embeddable":true,"href":"https:\/\/www.ksttukku.fi\/kauppa\/wp-json\/wp\/v2\/product_cat?post=19571"},{"taxonomy":"product_tag","embeddable":true,"href":"https:\/\/www.ksttukku.fi\/kauppa\/wp-json\/wp\/v2\/product_tag?post=19571"}],"curies":[{"name":"wp","href":"https:\/\/api.w.org\/{rel}","templated":true}]}}