{"id":1960,"date":"2018-08-23T17:04:53","date_gmt":"2018-08-23T14:04:53","guid":{"rendered":"http:\/\/www.ksttukku.fi\/kauppa\/?post_type=product&#038;p=1960"},"modified":"2023-11-17T14:36:33","modified_gmt":"2023-11-17T12:36:33","slug":"led-valosarja-240-os-lammin-valkoinen","status":"publish","type":"product","link":"https:\/\/www.ksttukku.fi\/kauppa\/tuote\/led-valosarja-240-os-lammin-valkoinen\/","title":{"rendered":"Led-valosarja 240-os l\u00e4mmin valkoinen musta johto"},"content":{"rendered":"<p>240x led l\u00e4mmin valkoinen.<br \/>\nMuuntaja 31V, 6W, IP44.<br \/>\nLedit 10 cm v\u00e4lein. Musta johto.<br \/>\nLiit\u00e4nt\u00e4 johto 5 m.<\/p>\n","protected":false},"excerpt":{"rendered":"<p>240x led l\u00e4mmin valkoinen. Muuntaja 31V, 6W, IP44. Ledit 10 cm v\u00e4lein. Musta johto. Liit\u00e4nt\u00e4 johto 5 m.<\/p>\n","protected":false},"featured_media":1961,"comment_status":"closed","ping_status":"closed","template":"","meta":[],"product_brand":[],"product_cat":[176,34,177],"product_tag":[],"class_list":{"0":"post-1960","1":"product","2":"type-product","3":"status-publish","4":"has-post-thumbnail","6":"product_cat-joulu-ja-koristevalot","7":"product_cat-valaisimet","8":"product_cat-valosarjat","10":"first","11":"instock","12":"taxable","13":"shipping-taxable","14":"purchasable","15":"product-type-simple"},"_links":{"self":[{"href":"https:\/\/www.ksttukku.fi\/kauppa\/wp-json\/wp\/v2\/product\/1960","targetHints":{"allow":["GET"]}}],"collection":[{"href":"https:\/\/www.ksttukku.fi\/kauppa\/wp-json\/wp\/v2\/product"}],"about":[{"href":"https:\/\/www.ksttukku.fi\/kauppa\/wp-json\/wp\/v2\/types\/product"}],"replies":[{"embeddable":true,"href":"https:\/\/www.ksttukku.fi\/kauppa\/wp-json\/wp\/v2\/comments?post=1960"}],"wp:featuredmedia":[{"embeddable":true,"href":"https:\/\/www.ksttukku.fi\/kauppa\/wp-json\/wp\/v2\/media\/1961"}],"wp:attachment":[{"href":"https:\/\/www.ksttukku.fi\/kauppa\/wp-json\/wp\/v2\/media?parent=1960"}],"wp:term":[{"taxonomy":"product_brand","embeddable":true,"href":"https:\/\/www.ksttukku.fi\/kauppa\/wp-json\/wp\/v2\/product_brand?post=1960"},{"taxonomy":"product_cat","embeddable":true,"href":"https:\/\/www.ksttukku.fi\/kauppa\/wp-json\/wp\/v2\/product_cat?post=1960"},{"taxonomy":"product_tag","embeddable":true,"href":"https:\/\/www.ksttukku.fi\/kauppa\/wp-json\/wp\/v2\/product_tag?post=1960"}],"curies":[{"name":"wp","href":"https:\/\/api.w.org\/{rel}","templated":true}]}}