{"id":19637,"date":"2026-04-29T12:42:54","date_gmt":"2026-04-29T09:42:54","guid":{"rendered":"https:\/\/www.ksttukku.fi\/kauppa\/?post_type=product&#038;p=19637"},"modified":"2026-04-29T12:42:54","modified_gmt":"2026-04-29T09:42:54","slug":"salekaihtimen-saatotanko-15-cm","status":"publish","type":"product","link":"https:\/\/www.ksttukku.fi\/kauppa\/tuote\/salekaihtimen-saatotanko-15-cm\/","title":{"rendered":"S\u00e4lekaihtimen s\u00e4\u00e4t\u00f6tanko 15 cm"},"content":{"rendered":"<p>Helposti vaihdettava varaosa s\u00e4lekaihtimeesi.<\/p>\n<p>muovi\/ter\u00e4s<\/p>\n","protected":false},"excerpt":{"rendered":"<p>Helposti vaihdettava varaosa s\u00e4lekaihtimeesi. muovi\/ter\u00e4s<\/p>\n","protected":false},"featured_media":19636,"comment_status":"closed","ping_status":"closed","template":"","meta":[],"product_brand":[],"product_cat":[104,114],"product_tag":[],"class_list":{"0":"post-19637","1":"product","2":"type-product","3":"status-publish","4":"has-post-thumbnail","6":"product_cat-kaihtimet-ja-verhotangot","7":"product_cat-salekaihtimen-varaosat","9":"first","10":"instock","11":"taxable","12":"shipping-taxable","13":"purchasable","14":"product-type-simple"},"_links":{"self":[{"href":"https:\/\/www.ksttukku.fi\/kauppa\/wp-json\/wp\/v2\/product\/19637","targetHints":{"allow":["GET"]}}],"collection":[{"href":"https:\/\/www.ksttukku.fi\/kauppa\/wp-json\/wp\/v2\/product"}],"about":[{"href":"https:\/\/www.ksttukku.fi\/kauppa\/wp-json\/wp\/v2\/types\/product"}],"replies":[{"embeddable":true,"href":"https:\/\/www.ksttukku.fi\/kauppa\/wp-json\/wp\/v2\/comments?post=19637"}],"wp:featuredmedia":[{"embeddable":true,"href":"https:\/\/www.ksttukku.fi\/kauppa\/wp-json\/wp\/v2\/media\/19636"}],"wp:attachment":[{"href":"https:\/\/www.ksttukku.fi\/kauppa\/wp-json\/wp\/v2\/media?parent=19637"}],"wp:term":[{"taxonomy":"product_brand","embeddable":true,"href":"https:\/\/www.ksttukku.fi\/kauppa\/wp-json\/wp\/v2\/product_brand?post=19637"},{"taxonomy":"product_cat","embeddable":true,"href":"https:\/\/www.ksttukku.fi\/kauppa\/wp-json\/wp\/v2\/product_cat?post=19637"},{"taxonomy":"product_tag","embeddable":true,"href":"https:\/\/www.ksttukku.fi\/kauppa\/wp-json\/wp\/v2\/product_tag?post=19637"}],"curies":[{"name":"wp","href":"https:\/\/api.w.org\/{rel}","templated":true}]}}