{"id":1974,"date":"2018-08-24T12:00:55","date_gmt":"2018-08-24T09:00:55","guid":{"rendered":"http:\/\/www.ksttukku.fi\/kauppa\/?post_type=product&#038;p=1974"},"modified":"2026-01-02T16:37:17","modified_gmt":"2026-01-02T14:37:17","slug":"pihla-kynttelikko-hopea-33led","status":"publish","type":"product","link":"https:\/\/www.ksttukku.fi\/kauppa\/tuote\/pihla-kynttelikko-hopea-33led\/","title":{"rendered":"Pihla kynttelikk\u00f6 hopea 33led"},"content":{"rendered":"<p>33x led l\u00e4mmin valkoinen 3V, 0,06W.<br \/>\nMuuntaja 4,5V, 1,35W, IP20.<br \/>\nJohto katkaisijalla 1,5 m.<br \/>\nAlumiini metallipuikot,<br \/>\nvalkoinen jalusta.<br \/>\nSis\u00e4k\u00e4ytt\u00f6\u00f6n.<\/p>\n","protected":false},"excerpt":{"rendered":"<p>33x led l\u00e4mmin valkoinen 3V, 0,06W. Muuntaja 4,5V, 1,35W, IP20. Johto katkaisijalla 1,5 m. Alumiini metallipuikot, valkoinen jalusta. Sis\u00e4k\u00e4ytt\u00f6\u00f6n.<\/p>\n","protected":false},"featured_media":1975,"comment_status":"closed","ping_status":"closed","template":"","meta":[],"product_brand":[],"product_cat":[176,181,34],"product_tag":[],"class_list":{"0":"post-1974","1":"product","2":"type-product","3":"status-publish","4":"has-post-thumbnail","6":"product_cat-joulu-ja-koristevalot","7":"product_cat-kynttelikot","8":"product_cat-valaisimet","10":"first","11":"outofstock","12":"taxable","13":"shipping-taxable","14":"purchasable","15":"product-type-simple"},"_links":{"self":[{"href":"https:\/\/www.ksttukku.fi\/kauppa\/wp-json\/wp\/v2\/product\/1974","targetHints":{"allow":["GET"]}}],"collection":[{"href":"https:\/\/www.ksttukku.fi\/kauppa\/wp-json\/wp\/v2\/product"}],"about":[{"href":"https:\/\/www.ksttukku.fi\/kauppa\/wp-json\/wp\/v2\/types\/product"}],"replies":[{"embeddable":true,"href":"https:\/\/www.ksttukku.fi\/kauppa\/wp-json\/wp\/v2\/comments?post=1974"}],"wp:featuredmedia":[{"embeddable":true,"href":"https:\/\/www.ksttukku.fi\/kauppa\/wp-json\/wp\/v2\/media\/1975"}],"wp:attachment":[{"href":"https:\/\/www.ksttukku.fi\/kauppa\/wp-json\/wp\/v2\/media?parent=1974"}],"wp:term":[{"taxonomy":"product_brand","embeddable":true,"href":"https:\/\/www.ksttukku.fi\/kauppa\/wp-json\/wp\/v2\/product_brand?post=1974"},{"taxonomy":"product_cat","embeddable":true,"href":"https:\/\/www.ksttukku.fi\/kauppa\/wp-json\/wp\/v2\/product_cat?post=1974"},{"taxonomy":"product_tag","embeddable":true,"href":"https:\/\/www.ksttukku.fi\/kauppa\/wp-json\/wp\/v2\/product_tag?post=1974"}],"curies":[{"name":"wp","href":"https:\/\/api.w.org\/{rel}","templated":true}]}}