{"id":1982,"date":"2018-08-24T12:24:12","date_gmt":"2018-08-24T09:24:12","guid":{"rendered":"http:\/\/www.ksttukku.fi\/kauppa\/?post_type=product&#038;p=1982"},"modified":"2021-10-18T17:01:24","modified_gmt":"2021-10-18T14:01:24","slug":"led-valosarja-80-os-lammin-valkoinen-2","status":"publish","type":"product","link":"https:\/\/www.ksttukku.fi\/kauppa\/tuote\/led-valosarja-80-os-lammin-valkoinen-2\/","title":{"rendered":"Led-valosarja 80-os l\u00e4mmin valkoinen kirkas johto"},"content":{"rendered":"<p>80x led l\u00e4mmin valkoinen.<br \/>\nMuuntaja 31V, 3,6VA, IP44.<br \/>\nValoaihe 7,9 m. Ledit 10 cm v\u00e4lein.<br \/>\nL\u00e4pin\u00e4kyv\u00e4 johto 0,15m2.<br \/>\nLiit\u00e4nt\u00e4johto 5 m.<\/p>\n","protected":false},"excerpt":{"rendered":"<p>80x led l\u00e4mmin valkoinen. Muuntaja 31V, 3,6VA, IP44. Valoaihe 7,9 m. Ledit 10 cm v\u00e4lein. L\u00e4pin\u00e4kyv\u00e4 johto 0,15m2. Liit\u00e4nt\u00e4johto 5 m.<\/p>\n","protected":false},"featured_media":1985,"comment_status":"closed","ping_status":"closed","template":"","meta":[],"product_brand":[],"product_cat":[176,34,177],"product_tag":[],"class_list":{"0":"post-1982","1":"product","2":"type-product","3":"status-publish","4":"has-post-thumbnail","6":"product_cat-joulu-ja-koristevalot","7":"product_cat-valaisimet","8":"product_cat-valosarjat","10":"first","11":"instock","12":"taxable","13":"shipping-taxable","14":"purchasable","15":"product-type-simple"},"_links":{"self":[{"href":"https:\/\/www.ksttukku.fi\/kauppa\/wp-json\/wp\/v2\/product\/1982","targetHints":{"allow":["GET"]}}],"collection":[{"href":"https:\/\/www.ksttukku.fi\/kauppa\/wp-json\/wp\/v2\/product"}],"about":[{"href":"https:\/\/www.ksttukku.fi\/kauppa\/wp-json\/wp\/v2\/types\/product"}],"replies":[{"embeddable":true,"href":"https:\/\/www.ksttukku.fi\/kauppa\/wp-json\/wp\/v2\/comments?post=1982"}],"wp:featuredmedia":[{"embeddable":true,"href":"https:\/\/www.ksttukku.fi\/kauppa\/wp-json\/wp\/v2\/media\/1985"}],"wp:attachment":[{"href":"https:\/\/www.ksttukku.fi\/kauppa\/wp-json\/wp\/v2\/media?parent=1982"}],"wp:term":[{"taxonomy":"product_brand","embeddable":true,"href":"https:\/\/www.ksttukku.fi\/kauppa\/wp-json\/wp\/v2\/product_brand?post=1982"},{"taxonomy":"product_cat","embeddable":true,"href":"https:\/\/www.ksttukku.fi\/kauppa\/wp-json\/wp\/v2\/product_cat?post=1982"},{"taxonomy":"product_tag","embeddable":true,"href":"https:\/\/www.ksttukku.fi\/kauppa\/wp-json\/wp\/v2\/product_tag?post=1982"}],"curies":[{"name":"wp","href":"https:\/\/api.w.org\/{rel}","templated":true}]}}