{"id":1988,"date":"2018-08-24T15:19:15","date_gmt":"2018-08-24T12:19:15","guid":{"rendered":"http:\/\/www.ksttukku.fi\/kauppa\/?post_type=product&#038;p=1988"},"modified":"2022-11-07T16:44:35","modified_gmt":"2022-11-07T14:44:35","slug":"led-valosarja-200-os-lammin-valkoinen-kirkas-johto","status":"publish","type":"product","link":"https:\/\/www.ksttukku.fi\/kauppa\/tuote\/led-valosarja-200-os-lammin-valkoinen-kirkas-johto\/","title":{"rendered":"Led-valosarja 200-os l\u00e4mmin valkoinen kirkas johto"},"content":{"rendered":"<p>200x led l\u00e4mmin valkoinen.<br \/>\nMuuntaja 31V, 6W, IP44.<br \/>\nValoaihe 19,9 m. Ledit 10cm v\u00e4lein.<br \/>\nL\u00e4pin\u00e4kyv\u00e4 johto 0,15m2.<br \/>\nLiit\u00e4nt\u00e4johto 5 m.<\/p>\n","protected":false},"excerpt":{"rendered":"<p>200x led l\u00e4mmin valkoinen. Muuntaja 31V, 6W, IP44. Valoaihe 19,9 m. Ledit 10cm v\u00e4lein. L\u00e4pin\u00e4kyv\u00e4 johto 0,15m2. Liit\u00e4nt\u00e4johto 5 m.<\/p>\n","protected":false},"featured_media":1989,"comment_status":"closed","ping_status":"closed","template":"","meta":[],"product_brand":[],"product_cat":[176,34,177],"product_tag":[],"class_list":{"0":"post-1988","1":"product","2":"type-product","3":"status-publish","4":"has-post-thumbnail","6":"product_cat-joulu-ja-koristevalot","7":"product_cat-valaisimet","8":"product_cat-valosarjat","10":"first","11":"outofstock","12":"taxable","13":"shipping-taxable","14":"purchasable","15":"product-type-simple"},"_links":{"self":[{"href":"https:\/\/www.ksttukku.fi\/kauppa\/wp-json\/wp\/v2\/product\/1988","targetHints":{"allow":["GET"]}}],"collection":[{"href":"https:\/\/www.ksttukku.fi\/kauppa\/wp-json\/wp\/v2\/product"}],"about":[{"href":"https:\/\/www.ksttukku.fi\/kauppa\/wp-json\/wp\/v2\/types\/product"}],"replies":[{"embeddable":true,"href":"https:\/\/www.ksttukku.fi\/kauppa\/wp-json\/wp\/v2\/comments?post=1988"}],"wp:featuredmedia":[{"embeddable":true,"href":"https:\/\/www.ksttukku.fi\/kauppa\/wp-json\/wp\/v2\/media\/1989"}],"wp:attachment":[{"href":"https:\/\/www.ksttukku.fi\/kauppa\/wp-json\/wp\/v2\/media?parent=1988"}],"wp:term":[{"taxonomy":"product_brand","embeddable":true,"href":"https:\/\/www.ksttukku.fi\/kauppa\/wp-json\/wp\/v2\/product_brand?post=1988"},{"taxonomy":"product_cat","embeddable":true,"href":"https:\/\/www.ksttukku.fi\/kauppa\/wp-json\/wp\/v2\/product_cat?post=1988"},{"taxonomy":"product_tag","embeddable":true,"href":"https:\/\/www.ksttukku.fi\/kauppa\/wp-json\/wp\/v2\/product_tag?post=1988"}],"curies":[{"name":"wp","href":"https:\/\/api.w.org\/{rel}","templated":true}]}}