{"id":20009,"date":"2026-05-12T18:21:06","date_gmt":"2026-05-12T15:21:06","guid":{"rendered":"https:\/\/www.ksttukku.fi\/kauppa\/?post_type=product&#038;p=20009"},"modified":"2026-05-12T18:21:06","modified_gmt":"2026-05-12T15:21:06","slug":"kotimainen-heta-ritilamatto-90-cm-beige","status":"publish","type":"product","link":"https:\/\/www.ksttukku.fi\/kauppa\/tuote\/kotimainen-heta-ritilamatto-90-cm-beige\/","title":{"rendered":"Kotimainen Heta ritil\u00e4matto 90 cm beige"},"content":{"rendered":"<div id=\"tab-description\" class=\"woocommerce-Tabs-panel woocommerce-Tabs-panel--description panel entry-content wc-tab\" role=\"tabpanel\" aria-labelledby=\"tab-title-description\">\n<p data-sanitized-data-mce-fragment=\"1\">Kotimaisen Heta-ritil\u00e4maton k\u00e4ytt\u00f6kohteita ovat kaikki vaativatkin kosteat tilat: kylpyhuoneet, uimahallit ja saunatilat. Ritil\u00e4matto v\u00e4hent\u00e4\u00e4 liukastumisen riski\u00e4 niin suihkussa, uima-altaan reunalla kuin pukuhuoneenkin puolella.<\/p>\n<p data-sanitized-data-mce-fragment=\"1\">PVC:st\u00e4 valmistettu matto on kest\u00e4v\u00e4, helppohoitoinen ja hygieeninen ratkaisu. Heta on tukevampi kuin muut suihkumatot, sen rakenne takaa pitk\u00e4n k\u00e4ytt\u00f6i\u00e4n kovassakin k\u00e4yt\u00f6ss\u00e4.<\/p>\n<p data-sanitized-data-mce-fragment=\"1\">M\u00e4rk\u00e4tiloihin suunniteltu ritil\u00e4matto soveltuu erinomaisesti my\u00f6s suojamatoksi terassille, ty\u00f6pisteelle lievitt\u00e4m\u00e4\u00e4n seisomaty\u00f6n rasitusta tai vaikkapa venematoksi.<\/p>\n<p data-sanitized-data-mce-fragment=\"1\">Rakenteensa ansiosta Heta on helppo pit\u00e4\u00e4 puhtaana. Matto voidaan rullata kokoon ja n\u00e4in puhdistaa maton alapuoli ja lattia vaivattomasti. Tukeva, nystyr\u00f6ity ritil\u00e4 on miellytt\u00e4v\u00e4 my\u00f6s paljaille jaloille. Pintakuvioinnin ansiosta se ei ole liukas, ja pehme\u00e4n alalistan ansiosta matto pysyy eritt\u00e4in hyvin paikallaan.<\/p>\n<p data-sanitized-data-mce-fragment=\"1\">Tekniset tiedot:<\/p>\n<p data-sanitized-data-mce-fragment=\"1\"><strong data-sanitized-data-mce-fragment=\"1\">Yl\u00e4lista<br data-sanitized-data-mce-fragment=\"1\" \/><\/strong>Kova PVC 4 x 30 mm, martioitu<\/p>\n<p data-sanitized-data-mce-fragment=\"1\"><strong data-sanitized-data-mce-fragment=\"1\">Alalista<br data-sanitized-data-mce-fragment=\"1\" \/><\/strong>Pehme\u00e4 PVC 5 x 10 mm, musta<\/p>\n<p data-sanitized-data-mce-fragment=\"1\"><strong data-sanitized-data-mce-fragment=\"1\">Paksuus<br data-sanitized-data-mce-fragment=\"1\" \/><\/strong>10 mm<\/p>\n<p data-sanitized-data-mce-fragment=\"1\"><strong data-sanitized-data-mce-fragment=\"1\">Paino<br data-sanitized-data-mce-fragment=\"1\" \/><\/strong>5,5 kg\/m\u00b2<\/p>\n<p data-sanitized-data-mce-fragment=\"1\"><strong data-sanitized-data-mce-fragment=\"1\">Leveys<\/strong><br data-sanitized-data-mce-fragment=\"1\" \/>90 cm<\/p>\n<\/div>\n","protected":false},"excerpt":{"rendered":"<p>Kotimaisen Heta-ritil\u00e4maton k\u00e4ytt\u00f6kohteita ovat kaikki vaativatkin kosteat tilat: kylpyhuoneet, uimahallit ja saunatilat. Ritil\u00e4matto v\u00e4hent\u00e4\u00e4 liukastumisen riski\u00e4 niin suihkussa, uima-altaan reunalla kuin pukuhuoneenkin puolella. PVC:st\u00e4 valmistettu matto on kest\u00e4v\u00e4, helppohoitoinen ja hygieeninen ratkaisu. Heta on tukevampi kuin muut suihkumatot, sen rakenne takaa pitk\u00e4n k\u00e4ytt\u00f6i\u00e4n kovassakin k\u00e4yt\u00f6ss\u00e4. M\u00e4rk\u00e4tiloihin suunniteltu ritil\u00e4matto soveltuu erinomaisesti my\u00f6s suojamatoksi terassille, ty\u00f6pisteelle lievitt\u00e4m\u00e4\u00e4n [&hellip;]<\/p>\n","protected":false},"featured_media":20010,"comment_status":"closed","ping_status":"closed","template":"","meta":[],"product_brand":[],"product_cat":[81,22,82],"product_tag":[],"class_list":{"0":"post-20009","1":"product","2":"type-product","3":"status-publish","4":"has-post-thumbnail","6":"product_cat-kosteantilanmatot","7":"product_cat-matot","8":"product_cat-ritilamatot","10":"first","11":"instock","12":"sold-individually","13":"taxable","14":"shipping-taxable","15":"purchasable","16":"product-type-simple"},"_links":{"self":[{"href":"https:\/\/www.ksttukku.fi\/kauppa\/wp-json\/wp\/v2\/product\/20009","targetHints":{"allow":["GET"]}}],"collection":[{"href":"https:\/\/www.ksttukku.fi\/kauppa\/wp-json\/wp\/v2\/product"}],"about":[{"href":"https:\/\/www.ksttukku.fi\/kauppa\/wp-json\/wp\/v2\/types\/product"}],"replies":[{"embeddable":true,"href":"https:\/\/www.ksttukku.fi\/kauppa\/wp-json\/wp\/v2\/comments?post=20009"}],"wp:featuredmedia":[{"embeddable":true,"href":"https:\/\/www.ksttukku.fi\/kauppa\/wp-json\/wp\/v2\/media\/20010"}],"wp:attachment":[{"href":"https:\/\/www.ksttukku.fi\/kauppa\/wp-json\/wp\/v2\/media?parent=20009"}],"wp:term":[{"taxonomy":"product_brand","embeddable":true,"href":"https:\/\/www.ksttukku.fi\/kauppa\/wp-json\/wp\/v2\/product_brand?post=20009"},{"taxonomy":"product_cat","embeddable":true,"href":"https:\/\/www.ksttukku.fi\/kauppa\/wp-json\/wp\/v2\/product_cat?post=20009"},{"taxonomy":"product_tag","embeddable":true,"href":"https:\/\/www.ksttukku.fi\/kauppa\/wp-json\/wp\/v2\/product_tag?post=20009"}],"curies":[{"name":"wp","href":"https:\/\/api.w.org\/{rel}","templated":true}]}}