{"id":20021,"date":"2026-05-13T10:29:05","date_gmt":"2026-05-13T07:29:05","guid":{"rendered":"https:\/\/www.ksttukku.fi\/kauppa\/?post_type=product&#038;p=20021"},"modified":"2026-05-13T10:29:05","modified_gmt":"2026-05-13T07:29:05","slug":"maton-paiden-kanttaus","status":"publish","type":"product","link":"https:\/\/www.ksttukku.fi\/kauppa\/tuote\/maton-paiden-kanttaus\/","title":{"rendered":"Maton p\u00e4iden kanttaus"},"content":{"rendered":"<p>Maton kanttaus viimeistelee k\u00e4yt\u00e4v\u00e4maton ja est\u00e4\u00e4 p\u00e4rky\u00e4mist\u00e4<\/p>\n<p>Hinta sis\u00e4lt\u00e4\u00e4 yhden maton kanttauksen mattotilauksen yhteydess\u00e4 (molemmat p\u00e4\u00e4t)<\/p>\n","protected":false},"excerpt":{"rendered":"<p>Maton kanttaus viimeistelee k\u00e4yt\u00e4v\u00e4maton ja est\u00e4\u00e4 p\u00e4rky\u00e4mist\u00e4 Hinta sis\u00e4lt\u00e4\u00e4 yhden maton kanttauksen mattotilauksen yhteydess\u00e4 (molemmat p\u00e4\u00e4t)<\/p>\n","protected":false},"featured_media":20022,"comment_status":"closed","ping_status":"closed","template":"","meta":[],"product_brand":[],"product_cat":[23,22],"product_tag":[],"class_list":{"0":"post-20021","1":"product","2":"type-product","3":"status-publish","4":"has-post-thumbnail","6":"product_cat-kaytava-ja-yleismatot","7":"product_cat-matot","9":"first","10":"instock","11":"taxable","12":"shipping-taxable","13":"purchasable","14":"product-type-simple"},"_links":{"self":[{"href":"https:\/\/www.ksttukku.fi\/kauppa\/wp-json\/wp\/v2\/product\/20021","targetHints":{"allow":["GET"]}}],"collection":[{"href":"https:\/\/www.ksttukku.fi\/kauppa\/wp-json\/wp\/v2\/product"}],"about":[{"href":"https:\/\/www.ksttukku.fi\/kauppa\/wp-json\/wp\/v2\/types\/product"}],"replies":[{"embeddable":true,"href":"https:\/\/www.ksttukku.fi\/kauppa\/wp-json\/wp\/v2\/comments?post=20021"}],"wp:featuredmedia":[{"embeddable":true,"href":"https:\/\/www.ksttukku.fi\/kauppa\/wp-json\/wp\/v2\/media\/20022"}],"wp:attachment":[{"href":"https:\/\/www.ksttukku.fi\/kauppa\/wp-json\/wp\/v2\/media?parent=20021"}],"wp:term":[{"taxonomy":"product_brand","embeddable":true,"href":"https:\/\/www.ksttukku.fi\/kauppa\/wp-json\/wp\/v2\/product_brand?post=20021"},{"taxonomy":"product_cat","embeddable":true,"href":"https:\/\/www.ksttukku.fi\/kauppa\/wp-json\/wp\/v2\/product_cat?post=20021"},{"taxonomy":"product_tag","embeddable":true,"href":"https:\/\/www.ksttukku.fi\/kauppa\/wp-json\/wp\/v2\/product_tag?post=20021"}],"curies":[{"name":"wp","href":"https:\/\/api.w.org\/{rel}","templated":true}]}}