{"id":2046,"date":"2018-09-08T12:06:24","date_gmt":"2018-09-08T09:06:24","guid":{"rendered":"http:\/\/www.ksttukku.fi\/kauppa\/?post_type=product&#038;p=2046"},"modified":"2019-09-19T00:00:29","modified_gmt":"2019-09-18T21:00:29","slug":"slim-valonheitin-200w-ip44","status":"publish","type":"product","link":"https:\/\/www.ksttukku.fi\/kauppa\/tuote\/slim-valonheitin-200w-ip44\/","title":{"rendered":"Slim valonheitin 200W IP44"},"content":{"rendered":"<p>LED ty\u00f6valaisin toimintavarmalla tekniikalla. Ohut ja tyylik\u00e4s valaisin ty\u00f6valaistukseen sek\u00e4 ulko- ja teollisuusvalaistukseen. Pinta-asennus valaisimen asennussangasta, valaisin suunnattavissa sangan varassa. Pitk\u00e4ik\u00e4inen LED valaisin syttyy heti t\u00e4yteen valotehoonsa ja valaisee tehokkaasti kohteensa. Valaisimessa valmiina 0,8 m liit\u00e4nt\u00e4johto (H05RN-F 3&#215;1.0mm\u00b2 kumikaapeli) ja IP44 SUKO-pistotulppa.<\/p>\n<p>Teho: 200W<\/p>\n<p>Valovirta: 16000lm<\/p>\n<p>J\u00e4nnite: 230V\/50Hz<\/p>\n<p>IP-luokka: IP44<\/p>\n<p>V\u00e4ril\u00e4mp\u00f6tila: 4500k valkoinen<\/p>\n<p>Valonjakokulma 100\u00b0<\/p>\n<p>K\u00e4ytt\u00f6ik\u00e4: 30 000 h<\/p>\n<p>Materiaali: runko alumiinivalua, kehys alumiinia (musta), kirkas karkaistu lasi<\/p>\n<p>2 Vuoden takuu<\/p>\n","protected":false},"excerpt":{"rendered":"<p>LED ty\u00f6valaisin toimintavarmalla tekniikalla. Ohut ja tyylik\u00e4s valaisin ty\u00f6valaistukseen sek\u00e4 ulko- ja teollisuusvalaistukseen. Pinta-asennus valaisimen asennussangasta, valaisin suunnattavissa sangan varassa. Pitk\u00e4ik\u00e4inen LED valaisin syttyy heti t\u00e4yteen valotehoonsa ja valaisee tehokkaasti kohteensa. Valaisimessa valmiina 0,8 m liit\u00e4nt\u00e4johto (H05RN-F 3&#215;1.0mm\u00b2 kumikaapeli) ja IP44 SUKO-pistotulppa. Teho: 200W Valovirta: 16000lm J\u00e4nnite: 230V\/50Hz IP-luokka: IP44 V\u00e4ril\u00e4mp\u00f6tila: 4500k valkoinen Valonjakokulma 100\u00b0 [&hellip;]<\/p>\n","protected":false},"featured_media":2045,"comment_status":"closed","ping_status":"closed","template":"","meta":[],"product_brand":[],"product_cat":[63,36,39],"product_tag":[],"class_list":{"0":"post-2046","1":"product","2":"type-product","3":"status-publish","4":"has-post-thumbnail","6":"product_cat-slim-valonheittimet","7":"product_cat-ulkovalaisimet","8":"product_cat-valonheittimet","10":"first","11":"instock","12":"taxable","13":"shipping-taxable","14":"purchasable","15":"product-type-simple"},"_links":{"self":[{"href":"https:\/\/www.ksttukku.fi\/kauppa\/wp-json\/wp\/v2\/product\/2046","targetHints":{"allow":["GET"]}}],"collection":[{"href":"https:\/\/www.ksttukku.fi\/kauppa\/wp-json\/wp\/v2\/product"}],"about":[{"href":"https:\/\/www.ksttukku.fi\/kauppa\/wp-json\/wp\/v2\/types\/product"}],"replies":[{"embeddable":true,"href":"https:\/\/www.ksttukku.fi\/kauppa\/wp-json\/wp\/v2\/comments?post=2046"}],"wp:featuredmedia":[{"embeddable":true,"href":"https:\/\/www.ksttukku.fi\/kauppa\/wp-json\/wp\/v2\/media\/2045"}],"wp:attachment":[{"href":"https:\/\/www.ksttukku.fi\/kauppa\/wp-json\/wp\/v2\/media?parent=2046"}],"wp:term":[{"taxonomy":"product_brand","embeddable":true,"href":"https:\/\/www.ksttukku.fi\/kauppa\/wp-json\/wp\/v2\/product_brand?post=2046"},{"taxonomy":"product_cat","embeddable":true,"href":"https:\/\/www.ksttukku.fi\/kauppa\/wp-json\/wp\/v2\/product_cat?post=2046"},{"taxonomy":"product_tag","embeddable":true,"href":"https:\/\/www.ksttukku.fi\/kauppa\/wp-json\/wp\/v2\/product_tag?post=2046"}],"curies":[{"name":"wp","href":"https:\/\/api.w.org\/{rel}","templated":true}]}}