{"id":2081,"date":"2018-09-22T14:06:12","date_gmt":"2018-09-22T11:06:12","guid":{"rendered":"http:\/\/www.ksttukku.fi\/kauppa\/?post_type=product&#038;p=2081"},"modified":"2019-09-24T17:17:30","modified_gmt":"2019-09-24T14:17:30","slug":"flood-valonheitin-150w-ip66-wb","status":"publish","type":"product","link":"https:\/\/www.ksttukku.fi\/kauppa\/tuote\/flood-valonheitin-150w-ip66-wb\/","title":{"rendered":"Flood valonheitin 150W IP66 WB"},"content":{"rendered":"<p>Tehokas valonheitin vaativaan k\u00e4ytt\u00f6\u00f6n. Sarjassa kahta eri valojakoa. Sivusuunnassa laajalle valaisevat (WB) mallit joiden k\u00e4ytt\u00f6kohteina esim. rakennusten seinustat, sek\u00e4 ep\u00e4symmetriset (asym) mallit, joilla k\u00e4ytt\u00f6kohteina esim. pys\u00e4kointialueet ym. aluevalaisu. Valaisimissa huohotus venttiili huurteen, sek\u00e4 kondension est\u00e4miseksi.<\/p>\n<p>IP-luokka: IP66<\/p>\n<p>Teho: 150w<\/p>\n<p>Valovirta: 20200lm<\/p>\n<p>Materiaali: Runko alumiinia, kupu lasia<\/p>\n<p>V\u00e4ri: harmaa<\/p>\n<p>Mitat: 366 x 413 x 83 mm<\/p>\n","protected":false},"excerpt":{"rendered":"<p>Tehokas valonheitin vaativaan k\u00e4ytt\u00f6\u00f6n. Sarjassa kahta eri valojakoa. Sivusuunnassa laajalle valaisevat (WB) mallit joiden k\u00e4ytt\u00f6kohteina esim. rakennusten seinustat, sek\u00e4 ep\u00e4symmetriset (asym) mallit, joilla k\u00e4ytt\u00f6kohteina esim. pys\u00e4kointialueet ym. aluevalaisu. Valaisimissa huohotus venttiili huurteen, sek\u00e4 kondension est\u00e4miseksi. IP-luokka: IP66 Teho: 150w Valovirta: 20200lm Materiaali: Runko alumiinia, kupu lasia V\u00e4ri: harmaa Mitat: 366 x 413 x 83 mm<\/p>\n","protected":false},"featured_media":2082,"comment_status":"closed","ping_status":"closed","template":"","meta":[],"product_brand":[],"product_cat":[184,39],"product_tag":[],"class_list":{"0":"post-2081","1":"product","2":"type-product","3":"status-publish","4":"has-post-thumbnail","6":"product_cat-suurteho-valonheittimet","7":"product_cat-valonheittimet","9":"first","10":"instock","11":"taxable","12":"shipping-taxable","13":"purchasable","14":"product-type-simple"},"_links":{"self":[{"href":"https:\/\/www.ksttukku.fi\/kauppa\/wp-json\/wp\/v2\/product\/2081","targetHints":{"allow":["GET"]}}],"collection":[{"href":"https:\/\/www.ksttukku.fi\/kauppa\/wp-json\/wp\/v2\/product"}],"about":[{"href":"https:\/\/www.ksttukku.fi\/kauppa\/wp-json\/wp\/v2\/types\/product"}],"replies":[{"embeddable":true,"href":"https:\/\/www.ksttukku.fi\/kauppa\/wp-json\/wp\/v2\/comments?post=2081"}],"wp:featuredmedia":[{"embeddable":true,"href":"https:\/\/www.ksttukku.fi\/kauppa\/wp-json\/wp\/v2\/media\/2082"}],"wp:attachment":[{"href":"https:\/\/www.ksttukku.fi\/kauppa\/wp-json\/wp\/v2\/media?parent=2081"}],"wp:term":[{"taxonomy":"product_brand","embeddable":true,"href":"https:\/\/www.ksttukku.fi\/kauppa\/wp-json\/wp\/v2\/product_brand?post=2081"},{"taxonomy":"product_cat","embeddable":true,"href":"https:\/\/www.ksttukku.fi\/kauppa\/wp-json\/wp\/v2\/product_cat?post=2081"},{"taxonomy":"product_tag","embeddable":true,"href":"https:\/\/www.ksttukku.fi\/kauppa\/wp-json\/wp\/v2\/product_tag?post=2081"}],"curies":[{"name":"wp","href":"https:\/\/api.w.org\/{rel}","templated":true}]}}