{"id":2088,"date":"2018-09-24T17:20:25","date_gmt":"2018-09-24T14:20:25","guid":{"rendered":"http:\/\/www.ksttukku.fi\/kauppa\/?post_type=product&#038;p=2088"},"modified":"2019-09-24T17:21:47","modified_gmt":"2019-09-24T14:21:47","slug":"flood-valonheitin-80w-ip66-asym","status":"publish","type":"product","link":"https:\/\/www.ksttukku.fi\/kauppa\/tuote\/flood-valonheitin-80w-ip66-asym\/","title":{"rendered":"Flood valonheitin 80W IP66 ASYM"},"content":{"rendered":"<p>Tehokas valonheitin vaativaan k\u00e4ytt\u00f6\u00f6n. Sarjassa kahta eri valojakoa. Sivusuunnassa laajalle valaisevat (WB) mallit joiden k\u00e4ytt\u00f6kohteina esim. rakennusten seinustat, sek\u00e4 ep\u00e4symmetriset (asym) mallit, joilla k\u00e4ytt\u00f6kohteina esim. pys\u00e4kointialueet ym. aluevalaisu. Valaisimissa huohotus venttiili huurteen, sek\u00e4 kondension est\u00e4miseksi.<\/p>\n<p>IP-luokka: IP66<\/p>\n<p>Teho: 80w<\/p>\n<p>Valovirta: 10800lm<\/p>\n<p>Materiaali: Runko alumiinia, kupu lasia<\/p>\n<p>V\u00e4ri: harmaa<\/p>\n<p>Mitat: 308 x 359 x 82 mm<\/p>\n","protected":false},"excerpt":{"rendered":"<p>Tehokas valonheitin vaativaan k\u00e4ytt\u00f6\u00f6n. Sarjassa kahta eri valojakoa. Sivusuunnassa laajalle valaisevat (WB) mallit joiden k\u00e4ytt\u00f6kohteina esim. rakennusten seinustat, sek\u00e4 ep\u00e4symmetriset (asym) mallit, joilla k\u00e4ytt\u00f6kohteina esim. pys\u00e4kointialueet ym. aluevalaisu. Valaisimissa huohotus venttiili huurteen, sek\u00e4 kondension est\u00e4miseksi. IP-luokka: IP66 Teho: 80w Valovirta: 10800lm Materiaali: Runko alumiinia, kupu lasia V\u00e4ri: harmaa Mitat: 308 x 359 x 82 mm<\/p>\n","protected":false},"featured_media":2089,"comment_status":"closed","ping_status":"closed","template":"","meta":[],"product_brand":[],"product_cat":[184,39],"product_tag":[],"class_list":{"0":"post-2088","1":"product","2":"type-product","3":"status-publish","4":"has-post-thumbnail","6":"product_cat-suurteho-valonheittimet","7":"product_cat-valonheittimet","9":"first","10":"instock","11":"taxable","12":"shipping-taxable","13":"purchasable","14":"product-type-simple"},"_links":{"self":[{"href":"https:\/\/www.ksttukku.fi\/kauppa\/wp-json\/wp\/v2\/product\/2088","targetHints":{"allow":["GET"]}}],"collection":[{"href":"https:\/\/www.ksttukku.fi\/kauppa\/wp-json\/wp\/v2\/product"}],"about":[{"href":"https:\/\/www.ksttukku.fi\/kauppa\/wp-json\/wp\/v2\/types\/product"}],"replies":[{"embeddable":true,"href":"https:\/\/www.ksttukku.fi\/kauppa\/wp-json\/wp\/v2\/comments?post=2088"}],"wp:featuredmedia":[{"embeddable":true,"href":"https:\/\/www.ksttukku.fi\/kauppa\/wp-json\/wp\/v2\/media\/2089"}],"wp:attachment":[{"href":"https:\/\/www.ksttukku.fi\/kauppa\/wp-json\/wp\/v2\/media?parent=2088"}],"wp:term":[{"taxonomy":"product_brand","embeddable":true,"href":"https:\/\/www.ksttukku.fi\/kauppa\/wp-json\/wp\/v2\/product_brand?post=2088"},{"taxonomy":"product_cat","embeddable":true,"href":"https:\/\/www.ksttukku.fi\/kauppa\/wp-json\/wp\/v2\/product_cat?post=2088"},{"taxonomy":"product_tag","embeddable":true,"href":"https:\/\/www.ksttukku.fi\/kauppa\/wp-json\/wp\/v2\/product_tag?post=2088"}],"curies":[{"name":"wp","href":"https:\/\/api.w.org\/{rel}","templated":true}]}}