{"id":2101,"date":"2018-09-26T17:07:19","date_gmt":"2018-09-26T14:07:19","guid":{"rendered":"http:\/\/www.ksttukku.fi\/kauppa\/?post_type=product&#038;p=2101"},"modified":"2020-10-15T11:02:24","modified_gmt":"2020-10-15T08:02:24","slug":"ladattava-liekkivalaisin-ip65","status":"publish","type":"product","link":"https:\/\/www.ksttukku.fi\/kauppa\/tuote\/ladattava-liekkivalaisin-ip65\/","title":{"rendered":"Ladattava liekkivalaisin IP65"},"content":{"rendered":"<p>Ulko- ja sis\u00e4k\u00e4ytt\u00f6\u00f6n<\/p>\n<p>Valaisimessa liekkiefekti<\/p>\n<p>Pakkaus sis\u00e4lt\u00e4\u00e4 jatkovarren, maapiikin ja USB-latausjohdon<\/p>\n<p>&nbsp;<\/p>\n<p>&nbsp;<\/p>\n","protected":false},"excerpt":{"rendered":"<p>Ulko- ja sis\u00e4k\u00e4ytt\u00f6\u00f6n Valaisimessa liekkiefekti Pakkaus sis\u00e4lt\u00e4\u00e4 jatkovarren, maapiikin ja USB-latausjohdon &nbsp; &nbsp;<\/p>\n","protected":false},"featured_media":2102,"comment_status":"closed","ping_status":"closed","template":"","meta":[],"product_brand":[],"product_cat":[59,36,34],"product_tag":[],"class_list":{"0":"post-2101","1":"product","2":"type-product","3":"status-publish","4":"has-post-thumbnail","6":"product_cat-terassivalaisimet","7":"product_cat-ulkovalaisimet","8":"product_cat-valaisimet","10":"first","11":"instock","12":"taxable","13":"shipping-taxable","14":"purchasable","15":"product-type-simple"},"_links":{"self":[{"href":"https:\/\/www.ksttukku.fi\/kauppa\/wp-json\/wp\/v2\/product\/2101","targetHints":{"allow":["GET"]}}],"collection":[{"href":"https:\/\/www.ksttukku.fi\/kauppa\/wp-json\/wp\/v2\/product"}],"about":[{"href":"https:\/\/www.ksttukku.fi\/kauppa\/wp-json\/wp\/v2\/types\/product"}],"replies":[{"embeddable":true,"href":"https:\/\/www.ksttukku.fi\/kauppa\/wp-json\/wp\/v2\/comments?post=2101"}],"wp:featuredmedia":[{"embeddable":true,"href":"https:\/\/www.ksttukku.fi\/kauppa\/wp-json\/wp\/v2\/media\/2102"}],"wp:attachment":[{"href":"https:\/\/www.ksttukku.fi\/kauppa\/wp-json\/wp\/v2\/media?parent=2101"}],"wp:term":[{"taxonomy":"product_brand","embeddable":true,"href":"https:\/\/www.ksttukku.fi\/kauppa\/wp-json\/wp\/v2\/product_brand?post=2101"},{"taxonomy":"product_cat","embeddable":true,"href":"https:\/\/www.ksttukku.fi\/kauppa\/wp-json\/wp\/v2\/product_cat?post=2101"},{"taxonomy":"product_tag","embeddable":true,"href":"https:\/\/www.ksttukku.fi\/kauppa\/wp-json\/wp\/v2\/product_tag?post=2101"}],"curies":[{"name":"wp","href":"https:\/\/api.w.org\/{rel}","templated":true}]}}