{"id":2117,"date":"2018-10-03T17:12:46","date_gmt":"2018-10-03T14:12:46","guid":{"rendered":"http:\/\/www.ksttukku.fi\/kauppa\/?post_type=product&#038;p=2117"},"modified":"2018-10-03T17:13:18","modified_gmt":"2018-10-03T14:13:18","slug":"pakkaslamppu-e27-10w-810lm-3000k-2kpl","status":"publish","type":"product","link":"https:\/\/www.ksttukku.fi\/kauppa\/tuote\/pakkaslamppu-e27-10w-810lm-3000k-2kpl\/","title":{"rendered":"Pakkaslamppu 2kpl, E27, 10W, 810lm, 3000K,"},"content":{"rendered":"<p>Suunniteltu kest\u00e4m\u00e4\u00e4n \u00e4\u00e4riolosuhteissa jopa -40\u00b0 pakkasissa. Olosuhteista huolimatta valaisin syttyy heti t\u00e4yteen valotehoonsa ja valaisee kirkkaasti ymp\u00e4rist\u00f6ns\u00e4.<\/p>\n<p>Teho: 10 W<\/p>\n<p>Valovirta: 810 lm<\/p>\n<p>Mitat: 60 x 110 (mm)<\/p>\n<p>V\u00e4ril\u00e4mp\u00f6tila: 3000 K<\/p>\n<p>K\u00e4ytt\u00f6aika: 25000 h<\/p>\n","protected":false},"excerpt":{"rendered":"<p>2 kpl \/ pakkaus<\/p>\n","protected":false},"featured_media":2118,"comment_status":"closed","ping_status":"closed","template":"","meta":[],"product_brand":[],"product_cat":[185,189,34],"product_tag":[],"class_list":{"0":"post-2117","1":"product","2":"type-product","3":"status-publish","4":"has-post-thumbnail","6":"product_cat-lamput","7":"product_cat-muut-ledlamput","8":"product_cat-valaisimet","10":"first","11":"instock","12":"taxable","13":"shipping-taxable","14":"purchasable","15":"product-type-simple"},"_links":{"self":[{"href":"https:\/\/www.ksttukku.fi\/kauppa\/wp-json\/wp\/v2\/product\/2117","targetHints":{"allow":["GET"]}}],"collection":[{"href":"https:\/\/www.ksttukku.fi\/kauppa\/wp-json\/wp\/v2\/product"}],"about":[{"href":"https:\/\/www.ksttukku.fi\/kauppa\/wp-json\/wp\/v2\/types\/product"}],"replies":[{"embeddable":true,"href":"https:\/\/www.ksttukku.fi\/kauppa\/wp-json\/wp\/v2\/comments?post=2117"}],"wp:featuredmedia":[{"embeddable":true,"href":"https:\/\/www.ksttukku.fi\/kauppa\/wp-json\/wp\/v2\/media\/2118"}],"wp:attachment":[{"href":"https:\/\/www.ksttukku.fi\/kauppa\/wp-json\/wp\/v2\/media?parent=2117"}],"wp:term":[{"taxonomy":"product_brand","embeddable":true,"href":"https:\/\/www.ksttukku.fi\/kauppa\/wp-json\/wp\/v2\/product_brand?post=2117"},{"taxonomy":"product_cat","embeddable":true,"href":"https:\/\/www.ksttukku.fi\/kauppa\/wp-json\/wp\/v2\/product_cat?post=2117"},{"taxonomy":"product_tag","embeddable":true,"href":"https:\/\/www.ksttukku.fi\/kauppa\/wp-json\/wp\/v2\/product_tag?post=2117"}],"curies":[{"name":"wp","href":"https:\/\/api.w.org\/{rel}","templated":true}]}}