{"id":2128,"date":"2018-10-04T17:36:30","date_gmt":"2018-10-04T14:36:30","guid":{"rendered":"http:\/\/www.ksttukku.fi\/kauppa\/?post_type=product&#038;p=2128"},"modified":"2024-08-06T16:08:50","modified_gmt":"2024-08-06T13:08:50","slug":"led-valo-liiketunnistimella-paristokayttoinen","status":"publish","type":"product","link":"https:\/\/www.ksttukku.fi\/kauppa\/tuote\/led-valo-liiketunnistimella-paristokayttoinen\/","title":{"rendered":"LED-valo liiketunnistimella paristok\u00e4ytt\u00f6inen"},"content":{"rendered":"<p>Paristok\u00e4ytt\u00f6inen tunnistinvalaisin ulkok\u00e4ytt\u00f6\u00f6n. 2kpl 1 watin led-valoja. Valoteho 340 lumenia. Toiminnot: on, off. Liiketunnistimen suurin tunnistuset\u00e4isyys on 8 metri\u00e4. Valaisimen p\u00e4\u00e4ll\u00e4oloaika s\u00e4\u00e4dett\u00e4viss\u00e4 5 sekunnista 7 minuuttiin. H\u00e4m\u00e4r\u00e4kytkimen s\u00e4\u00e4t\u00f6v\u00e4li 20-10000 luksia. 4xC paristot eiv\u00e4t sis\u00e4lly.<\/p>\n<p>Koko: 15 x 16 x 11,8 cm.<\/p>\n","protected":false},"excerpt":{"rendered":"<p>Paristok\u00e4ytt\u00f6inen tunnistinvalaisin ulkok\u00e4ytt\u00f6\u00f6n. 2kpl 1 watin led-valoja. Valoteho 340 lumenia. Toiminnot: on, off. Liiketunnistimen suurin tunnistuset\u00e4isyys on 8 metri\u00e4. Valaisimen p\u00e4\u00e4ll\u00e4oloaika s\u00e4\u00e4dett\u00e4viss\u00e4 5 sekunnista 7 minuuttiin. H\u00e4m\u00e4r\u00e4kytkimen s\u00e4\u00e4t\u00f6v\u00e4li 20-10000 luksia. 4xC paristot eiv\u00e4t sis\u00e4lly. Koko: 15 x 16 x 11,8 cm.<\/p>\n","protected":false},"featured_media":2127,"comment_status":"closed","ping_status":"closed","template":"","meta":[],"product_brand":[],"product_cat":[190,36,34,39],"product_tag":[],"class_list":{"0":"post-2128","1":"product","2":"type-product","3":"status-publish","4":"has-post-thumbnail","6":"product_cat-paristokayttoiset","7":"product_cat-ulkovalaisimet","8":"product_cat-valaisimet","9":"product_cat-valonheittimet","11":"first","12":"outofstock","13":"taxable","14":"shipping-taxable","15":"purchasable","16":"product-type-simple"},"_links":{"self":[{"href":"https:\/\/www.ksttukku.fi\/kauppa\/wp-json\/wp\/v2\/product\/2128","targetHints":{"allow":["GET"]}}],"collection":[{"href":"https:\/\/www.ksttukku.fi\/kauppa\/wp-json\/wp\/v2\/product"}],"about":[{"href":"https:\/\/www.ksttukku.fi\/kauppa\/wp-json\/wp\/v2\/types\/product"}],"replies":[{"embeddable":true,"href":"https:\/\/www.ksttukku.fi\/kauppa\/wp-json\/wp\/v2\/comments?post=2128"}],"wp:featuredmedia":[{"embeddable":true,"href":"https:\/\/www.ksttukku.fi\/kauppa\/wp-json\/wp\/v2\/media\/2127"}],"wp:attachment":[{"href":"https:\/\/www.ksttukku.fi\/kauppa\/wp-json\/wp\/v2\/media?parent=2128"}],"wp:term":[{"taxonomy":"product_brand","embeddable":true,"href":"https:\/\/www.ksttukku.fi\/kauppa\/wp-json\/wp\/v2\/product_brand?post=2128"},{"taxonomy":"product_cat","embeddable":true,"href":"https:\/\/www.ksttukku.fi\/kauppa\/wp-json\/wp\/v2\/product_cat?post=2128"},{"taxonomy":"product_tag","embeddable":true,"href":"https:\/\/www.ksttukku.fi\/kauppa\/wp-json\/wp\/v2\/product_tag?post=2128"}],"curies":[{"name":"wp","href":"https:\/\/api.w.org\/{rel}","templated":true}]}}