{"id":2150,"date":"2018-10-06T13:58:54","date_gmt":"2018-10-06T10:58:54","guid":{"rendered":"http:\/\/www.ksttukku.fi\/kauppa\/?post_type=product&#038;p=2150"},"modified":"2023-02-28T14:59:39","modified_gmt":"2023-02-28T12:59:39","slug":"viskoosimatto-aurora-tummanharmaa","status":"publish","type":"product","link":"https:\/\/www.ksttukku.fi\/kauppa\/tuote\/viskoosimatto-aurora-tummanharmaa\/","title":{"rendered":"Viskoosimatto Aurora tummanharmaa"},"content":{"rendered":"<p>Aurora -matto on kiilt\u00e4v\u00e4pintainen ja matossa on moderni kuviointi. Viskoosimatto on helppohoitoinen, kevyt ja p\u00f6ly\u00e4m\u00e4t\u00f6n matto. Viskoosimaton v\u00e4rin s\u00e4vy vaihtelee vaaleasta tummaan, riippuen siit\u00e4 mist\u00e4 kulmasta mattoa katsoo ja miten maton nukka taittuu. Materiaali: Nukka 100 % viskoosi, pohja 85 % puuvilla, 15 % polyesteri.<\/p>\n","protected":false},"excerpt":{"rendered":"<p>Aurora -matto on kiilt\u00e4v\u00e4pintainen ja matossa on moderni kuviointi. Viskoosimatto on helppohoitoinen, kevyt ja p\u00f6ly\u00e4m\u00e4t\u00f6n matto. Viskoosimaton v\u00e4rin s\u00e4vy vaihtelee vaaleasta tummaan, riippuen siit\u00e4 mist\u00e4 kulmasta mattoa katsoo ja miten maton nukka taittuu. Materiaali: Nukka 100 % viskoosi, pohja 85 % puuvilla, 15 % polyesteri.<\/p>\n","protected":false},"featured_media":2137,"comment_status":"closed","ping_status":"closed","template":"","meta":[],"product_brand":[],"product_cat":[22,24],"product_tag":[],"class_list":{"0":"post-2150","1":"product","2":"type-product","3":"status-publish","4":"has-post-thumbnail","6":"product_cat-matot","7":"product_cat-viskoosimatot","9":"first","10":"outofstock","11":"taxable","12":"shipping-taxable","13":"product-type-variable"},"_links":{"self":[{"href":"https:\/\/www.ksttukku.fi\/kauppa\/wp-json\/wp\/v2\/product\/2150","targetHints":{"allow":["GET"]}}],"collection":[{"href":"https:\/\/www.ksttukku.fi\/kauppa\/wp-json\/wp\/v2\/product"}],"about":[{"href":"https:\/\/www.ksttukku.fi\/kauppa\/wp-json\/wp\/v2\/types\/product"}],"replies":[{"embeddable":true,"href":"https:\/\/www.ksttukku.fi\/kauppa\/wp-json\/wp\/v2\/comments?post=2150"}],"wp:featuredmedia":[{"embeddable":true,"href":"https:\/\/www.ksttukku.fi\/kauppa\/wp-json\/wp\/v2\/media\/2137"}],"wp:attachment":[{"href":"https:\/\/www.ksttukku.fi\/kauppa\/wp-json\/wp\/v2\/media?parent=2150"}],"wp:term":[{"taxonomy":"product_brand","embeddable":true,"href":"https:\/\/www.ksttukku.fi\/kauppa\/wp-json\/wp\/v2\/product_brand?post=2150"},{"taxonomy":"product_cat","embeddable":true,"href":"https:\/\/www.ksttukku.fi\/kauppa\/wp-json\/wp\/v2\/product_cat?post=2150"},{"taxonomy":"product_tag","embeddable":true,"href":"https:\/\/www.ksttukku.fi\/kauppa\/wp-json\/wp\/v2\/product_tag?post=2150"}],"curies":[{"name":"wp","href":"https:\/\/api.w.org\/{rel}","templated":true}]}}