{"id":2200,"date":"2018-10-11T13:31:01","date_gmt":"2018-10-11T10:31:01","guid":{"rendered":"http:\/\/www.ksttukku.fi\/kauppa\/?post_type=product&#038;p=2200"},"modified":"2025-11-25T13:16:44","modified_gmt":"2025-11-25T11:16:44","slug":"led-valonauhasarja-3m-ip20","status":"publish","type":"product","link":"https:\/\/www.ksttukku.fi\/kauppa\/tuote\/led-valonauhasarja-3m-ip20\/","title":{"rendered":"Led-valonauhasarja 3m 4000K IP20"},"content":{"rendered":"<p>LED-valonauha monipuoliseen valaistukseen. Sis\u00e4lt\u00e4\u00e4 3 metri\u00e4 valonauhaa. Helppo asentaa pienehk\u00f6\u00f6n tilaan ja antaa tehokkaan puhtaan valkoisen valaistuksen. Sis\u00e4lt\u00e4\u00e4 liit\u00e4nt\u00e4laitteen.<\/p>\n<p>Teho: 18W (6W\/m)<\/p>\n<p>IP-luokitus: IP20<\/p>\n<p>V\u00e4ril\u00e4mp\u00f6: 4000 K<\/p>\n<p>Valonjakokulma: 120\u00b0<\/p>\n","protected":false},"excerpt":{"rendered":"<p>LED-valonauha monipuoliseen valaistukseen. Sis\u00e4lt\u00e4\u00e4 3 metri\u00e4 valonauhaa. Helppo asentaa pienehk\u00f6\u00f6n tilaan ja antaa tehokkaan puhtaan valkoisen valaistuksen. Sis\u00e4lt\u00e4\u00e4 liit\u00e4nt\u00e4laitteen. Teho: 18W (6W\/m) IP-luokitus: IP20 V\u00e4ril\u00e4mp\u00f6: 4000 K Valonjakokulma: 120\u00b0<\/p>\n","protected":false},"featured_media":2207,"comment_status":"closed","ping_status":"closed","template":"","meta":[],"product_brand":[],"product_cat":[45],"product_tag":[],"class_list":{"0":"post-2200","1":"product","2":"type-product","3":"status-publish","4":"has-post-thumbnail","6":"product_cat-valonauhat","8":"first","9":"outofstock","10":"taxable","11":"shipping-taxable","12":"purchasable","13":"product-type-simple"},"_links":{"self":[{"href":"https:\/\/www.ksttukku.fi\/kauppa\/wp-json\/wp\/v2\/product\/2200","targetHints":{"allow":["GET"]}}],"collection":[{"href":"https:\/\/www.ksttukku.fi\/kauppa\/wp-json\/wp\/v2\/product"}],"about":[{"href":"https:\/\/www.ksttukku.fi\/kauppa\/wp-json\/wp\/v2\/types\/product"}],"replies":[{"embeddable":true,"href":"https:\/\/www.ksttukku.fi\/kauppa\/wp-json\/wp\/v2\/comments?post=2200"}],"wp:featuredmedia":[{"embeddable":true,"href":"https:\/\/www.ksttukku.fi\/kauppa\/wp-json\/wp\/v2\/media\/2207"}],"wp:attachment":[{"href":"https:\/\/www.ksttukku.fi\/kauppa\/wp-json\/wp\/v2\/media?parent=2200"}],"wp:term":[{"taxonomy":"product_brand","embeddable":true,"href":"https:\/\/www.ksttukku.fi\/kauppa\/wp-json\/wp\/v2\/product_brand?post=2200"},{"taxonomy":"product_cat","embeddable":true,"href":"https:\/\/www.ksttukku.fi\/kauppa\/wp-json\/wp\/v2\/product_cat?post=2200"},{"taxonomy":"product_tag","embeddable":true,"href":"https:\/\/www.ksttukku.fi\/kauppa\/wp-json\/wp\/v2\/product_tag?post=2200"}],"curies":[{"name":"wp","href":"https:\/\/api.w.org\/{rel}","templated":true}]}}