{"id":2203,"date":"2018-10-11T14:04:21","date_gmt":"2018-10-11T11:04:21","guid":{"rendered":"http:\/\/www.ksttukku.fi\/kauppa\/?post_type=product&#038;p=2203"},"modified":"2019-12-29T19:27:27","modified_gmt":"2019-12-29T17:27:27","slug":"kuusi-ja-poro-siluetti-39led-lamminvalkoinen","status":"publish","type":"product","link":"https:\/\/www.ksttukku.fi\/kauppa\/tuote\/kuusi-ja-poro-siluetti-39led-lamminvalkoinen\/","title":{"rendered":"Kuusi ja poro siluetti 39led l\u00e4mminvalkoinen"},"content":{"rendered":"<p>Korkeus 68 cm.<br \/>\nKaksi erikokoista kuusta ja poro, joissa yhteens\u00e4 39 ledi\u00e4.<br \/>\nIP44 sis\u00e4-ja ulkok\u00e4ytt\u00f6\u00f6n.<br \/>\n5 m liitosjohto.<\/p>\n","protected":false},"excerpt":{"rendered":"<p>Korkeus 68 cm. Kaksi erikokoista kuusta ja poro, joissa yhteens\u00e4 39 ledi\u00e4. IP44 sis\u00e4-ja ulkok\u00e4ytt\u00f6\u00f6n. 5 m liitosjohto.<\/p>\n","protected":false},"featured_media":2204,"comment_status":"closed","ping_status":"closed","template":"","meta":[],"product_brand":[],"product_cat":[176,199,34],"product_tag":[],"class_list":{"0":"post-2203","1":"product","2":"type-product","3":"status-publish","4":"has-post-thumbnail","6":"product_cat-joulu-ja-koristevalot","7":"product_cat-koristevalot","8":"product_cat-valaisimet","10":"first","11":"instock","12":"taxable","13":"shipping-taxable","14":"purchasable","15":"product-type-simple"},"_links":{"self":[{"href":"https:\/\/www.ksttukku.fi\/kauppa\/wp-json\/wp\/v2\/product\/2203","targetHints":{"allow":["GET"]}}],"collection":[{"href":"https:\/\/www.ksttukku.fi\/kauppa\/wp-json\/wp\/v2\/product"}],"about":[{"href":"https:\/\/www.ksttukku.fi\/kauppa\/wp-json\/wp\/v2\/types\/product"}],"replies":[{"embeddable":true,"href":"https:\/\/www.ksttukku.fi\/kauppa\/wp-json\/wp\/v2\/comments?post=2203"}],"wp:featuredmedia":[{"embeddable":true,"href":"https:\/\/www.ksttukku.fi\/kauppa\/wp-json\/wp\/v2\/media\/2204"}],"wp:attachment":[{"href":"https:\/\/www.ksttukku.fi\/kauppa\/wp-json\/wp\/v2\/media?parent=2203"}],"wp:term":[{"taxonomy":"product_brand","embeddable":true,"href":"https:\/\/www.ksttukku.fi\/kauppa\/wp-json\/wp\/v2\/product_brand?post=2203"},{"taxonomy":"product_cat","embeddable":true,"href":"https:\/\/www.ksttukku.fi\/kauppa\/wp-json\/wp\/v2\/product_cat?post=2203"},{"taxonomy":"product_tag","embeddable":true,"href":"https:\/\/www.ksttukku.fi\/kauppa\/wp-json\/wp\/v2\/product_tag?post=2203"}],"curies":[{"name":"wp","href":"https:\/\/api.w.org\/{rel}","templated":true}]}}