{"id":2205,"date":"2018-10-11T16:08:01","date_gmt":"2018-10-11T13:08:01","guid":{"rendered":"http:\/\/www.ksttukku.fi\/kauppa\/?post_type=product&#038;p=2205"},"modified":"2025-11-19T16:56:20","modified_gmt":"2025-11-19T14:56:20","slug":"paristovalosarja-40-os-3724-100","status":"publish","type":"product","link":"https:\/\/www.ksttukku.fi\/kauppa\/tuote\/paristovalosarja-40-os-3724-100\/","title":{"rendered":"Paristovalosarja 40-os 3724-100"},"content":{"rendered":"<p>Paristovalosarja sis\u00e4- ja ulkok\u00e4ytt\u00f6\u00f6n<\/p>\n<p>40 l\u00e4mmin valkoista ledi\u00e4<\/p>\n<p>Monitoiminen ja ajastin 6 h<\/p>\n<p>Toimii 4 x AA paristoilla (ei sis\u00e4lly pakkaukseen)<\/p>\n<p>Valosarjan pituus 3,9 m<\/p>\n<p>Musta johto<\/p>\n<p>IP44<\/p>\n","protected":false},"excerpt":{"rendered":"<p>Paristovalosarja sis\u00e4- ja ulkok\u00e4ytt\u00f6\u00f6n 40 l\u00e4mmin valkoista ledi\u00e4 Monitoiminen ja ajastin 6 h Toimii 4 x AA paristoilla (ei sis\u00e4lly pakkaukseen) Valosarjan pituus 3,9 m Musta johto IP44<\/p>\n","protected":false},"featured_media":2206,"comment_status":"closed","ping_status":"closed","template":"","meta":[],"product_brand":[],"product_cat":[176,199,180,34,177],"product_tag":[],"class_list":{"0":"post-2205","1":"product","2":"type-product","3":"status-publish","4":"has-post-thumbnail","6":"product_cat-joulu-ja-koristevalot","7":"product_cat-koristevalot","8":"product_cat-paristovalosarjat","9":"product_cat-valaisimet","10":"product_cat-valosarjat","12":"first","13":"instock","14":"taxable","15":"shipping-taxable","16":"purchasable","17":"product-type-simple"},"_links":{"self":[{"href":"https:\/\/www.ksttukku.fi\/kauppa\/wp-json\/wp\/v2\/product\/2205","targetHints":{"allow":["GET"]}}],"collection":[{"href":"https:\/\/www.ksttukku.fi\/kauppa\/wp-json\/wp\/v2\/product"}],"about":[{"href":"https:\/\/www.ksttukku.fi\/kauppa\/wp-json\/wp\/v2\/types\/product"}],"replies":[{"embeddable":true,"href":"https:\/\/www.ksttukku.fi\/kauppa\/wp-json\/wp\/v2\/comments?post=2205"}],"wp:featuredmedia":[{"embeddable":true,"href":"https:\/\/www.ksttukku.fi\/kauppa\/wp-json\/wp\/v2\/media\/2206"}],"wp:attachment":[{"href":"https:\/\/www.ksttukku.fi\/kauppa\/wp-json\/wp\/v2\/media?parent=2205"}],"wp:term":[{"taxonomy":"product_brand","embeddable":true,"href":"https:\/\/www.ksttukku.fi\/kauppa\/wp-json\/wp\/v2\/product_brand?post=2205"},{"taxonomy":"product_cat","embeddable":true,"href":"https:\/\/www.ksttukku.fi\/kauppa\/wp-json\/wp\/v2\/product_cat?post=2205"},{"taxonomy":"product_tag","embeddable":true,"href":"https:\/\/www.ksttukku.fi\/kauppa\/wp-json\/wp\/v2\/product_tag?post=2205"}],"curies":[{"name":"wp","href":"https:\/\/api.w.org\/{rel}","templated":true}]}}