{"id":2223,"date":"2018-10-12T13:54:00","date_gmt":"2018-10-12T10:54:00","guid":{"rendered":"http:\/\/www.ksttukku.fi\/kauppa\/?post_type=product&#038;p=2223"},"modified":"2025-11-24T10:30:18","modified_gmt":"2025-11-24T08:30:18","slug":"pihla-kynttelikko-musta-33led","status":"publish","type":"product","link":"https:\/\/www.ksttukku.fi\/kauppa\/tuote\/pihla-kynttelikko-musta-33led\/","title":{"rendered":"Pihla kynttelikk\u00f6 musta 33led"},"content":{"rendered":"<p>33 kpl LED l\u00e4mmin valkoinen 3V, 0,06W.<br \/>\nMuuntaja 3V, 3W, IP20.<br \/>\nJohto katkaisijalla 1,5 m.<br \/>\nSis\u00e4k\u00e4ytt\u00f6\u00f6n IP20.<\/p>\n","protected":false},"excerpt":{"rendered":"<p>33 kpl LED l\u00e4mmin valkoinen 3V, 0,06W. Muuntaja 3V, 3W, IP20. Johto katkaisijalla 1,5 m. Sis\u00e4k\u00e4ytt\u00f6\u00f6n IP20.<\/p>\n","protected":false},"featured_media":2224,"comment_status":"closed","ping_status":"closed","template":"","meta":[],"product_brand":[],"product_cat":[176,181],"product_tag":[],"class_list":{"0":"post-2223","1":"product","2":"type-product","3":"status-publish","4":"has-post-thumbnail","6":"product_cat-joulu-ja-koristevalot","7":"product_cat-kynttelikot","9":"first","10":"outofstock","11":"taxable","12":"shipping-taxable","13":"purchasable","14":"product-type-simple"},"_links":{"self":[{"href":"https:\/\/www.ksttukku.fi\/kauppa\/wp-json\/wp\/v2\/product\/2223","targetHints":{"allow":["GET"]}}],"collection":[{"href":"https:\/\/www.ksttukku.fi\/kauppa\/wp-json\/wp\/v2\/product"}],"about":[{"href":"https:\/\/www.ksttukku.fi\/kauppa\/wp-json\/wp\/v2\/types\/product"}],"replies":[{"embeddable":true,"href":"https:\/\/www.ksttukku.fi\/kauppa\/wp-json\/wp\/v2\/comments?post=2223"}],"wp:featuredmedia":[{"embeddable":true,"href":"https:\/\/www.ksttukku.fi\/kauppa\/wp-json\/wp\/v2\/media\/2224"}],"wp:attachment":[{"href":"https:\/\/www.ksttukku.fi\/kauppa\/wp-json\/wp\/v2\/media?parent=2223"}],"wp:term":[{"taxonomy":"product_brand","embeddable":true,"href":"https:\/\/www.ksttukku.fi\/kauppa\/wp-json\/wp\/v2\/product_brand?post=2223"},{"taxonomy":"product_cat","embeddable":true,"href":"https:\/\/www.ksttukku.fi\/kauppa\/wp-json\/wp\/v2\/product_cat?post=2223"},{"taxonomy":"product_tag","embeddable":true,"href":"https:\/\/www.ksttukku.fi\/kauppa\/wp-json\/wp\/v2\/product_tag?post=2223"}],"curies":[{"name":"wp","href":"https:\/\/api.w.org\/{rel}","templated":true}]}}