{"id":2272,"date":"2018-10-16T16:44:01","date_gmt":"2018-10-16T13:44:01","guid":{"rendered":"http:\/\/www.ksttukku.fi\/kauppa\/?post_type=product&#038;p=2272"},"modified":"2023-11-18T13:27:37","modified_gmt":"2023-11-18T11:27:37","slug":"cluster-valosarja-960-os-amber","status":"publish","type":"product","link":"https:\/\/www.ksttukku.fi\/kauppa\/tuote\/cluster-valosarja-960-os-amber\/","title":{"rendered":"Cluster valosarja 960-os amber"},"content":{"rendered":"<p>960-os monitoiminen led-valosarja<br \/>\nValoaihe 7,2 m<br \/>\nMusta 5 m liit\u00e4nt\u00e4johto.<br \/>\nMuuntaja 36V, IP44.<br \/>\nSis\u00e4- ja ulkok\u00e4ytt\u00f6\u00f6n.<\/p>\n","protected":false},"excerpt":{"rendered":"<p>960-os monitoiminen led-valosarja Valoaihe 7,2 m Musta 5 m liit\u00e4nt\u00e4johto. Muuntaja 36V, IP44. Sis\u00e4- ja ulkok\u00e4ytt\u00f6\u00f6n.<\/p>\n","protected":false},"featured_media":2273,"comment_status":"closed","ping_status":"closed","template":"","meta":[],"product_brand":[],"product_cat":[176,177],"product_tag":[],"class_list":{"0":"post-2272","1":"product","2":"type-product","3":"status-publish","4":"has-post-thumbnail","6":"product_cat-joulu-ja-koristevalot","7":"product_cat-valosarjat","9":"first","10":"outofstock","11":"taxable","12":"shipping-taxable","13":"purchasable","14":"product-type-simple"},"_links":{"self":[{"href":"https:\/\/www.ksttukku.fi\/kauppa\/wp-json\/wp\/v2\/product\/2272","targetHints":{"allow":["GET"]}}],"collection":[{"href":"https:\/\/www.ksttukku.fi\/kauppa\/wp-json\/wp\/v2\/product"}],"about":[{"href":"https:\/\/www.ksttukku.fi\/kauppa\/wp-json\/wp\/v2\/types\/product"}],"replies":[{"embeddable":true,"href":"https:\/\/www.ksttukku.fi\/kauppa\/wp-json\/wp\/v2\/comments?post=2272"}],"wp:featuredmedia":[{"embeddable":true,"href":"https:\/\/www.ksttukku.fi\/kauppa\/wp-json\/wp\/v2\/media\/2273"}],"wp:attachment":[{"href":"https:\/\/www.ksttukku.fi\/kauppa\/wp-json\/wp\/v2\/media?parent=2272"}],"wp:term":[{"taxonomy":"product_brand","embeddable":true,"href":"https:\/\/www.ksttukku.fi\/kauppa\/wp-json\/wp\/v2\/product_brand?post=2272"},{"taxonomy":"product_cat","embeddable":true,"href":"https:\/\/www.ksttukku.fi\/kauppa\/wp-json\/wp\/v2\/product_cat?post=2272"},{"taxonomy":"product_tag","embeddable":true,"href":"https:\/\/www.ksttukku.fi\/kauppa\/wp-json\/wp\/v2\/product_tag?post=2272"}],"curies":[{"name":"wp","href":"https:\/\/api.w.org\/{rel}","templated":true}]}}