{"id":228,"date":"2018-01-13T13:46:09","date_gmt":"2018-01-13T11:46:09","guid":{"rendered":"http:\/\/www.ksttukku.fi\/kauppa\/?post_type=product&#038;p=228"},"modified":"2020-12-21T18:43:57","modified_gmt":"2020-12-21T16:43:57","slug":"duo-lattiavalaisin-antiikkimessinki","status":"publish","type":"product","link":"https:\/\/www.ksttukku.fi\/kauppa\/tuote\/duo-lattiavalaisin-antiikkimessinki\/","title":{"rendered":"Duo led Mother&#038;Son lattiavalaisin antiikkimessinki"},"content":{"rendered":"<p>Kaksiosainen lattiavalaisin. Molemmille lampuille oma kytkin josta voidaan valotehoa s\u00e4\u00e4t\u00e4\u00e4.<\/p>\n<p>Mitat: \u2205 25,4 cm, korkeus 180 cm<\/p>\n<p>Teho: Yl\u00e4valo 18W, lukuvalo 4,5W<\/p>\n<p>Valovirta: Yl\u00e4valo 1800 lm, lukuvalo 450 lm<\/p>\n<p>V\u00e4ril\u00e4mp\u00f6tila: 3000 K<\/p>\n<p>V\u00e4ri: antiikkimessinki<\/p>\n","protected":false},"excerpt":{"rendered":"<p>Kaksiosainen lattiavalaisin. Molemmille lampuille oma kytkin josta voidaan valotehoa s\u00e4\u00e4t\u00e4\u00e4. Mitat: \u2205 25,4 cm, korkeus 180 cm Teho: Yl\u00e4valo 18W, lukuvalo 4,5W Valovirta: Yl\u00e4valo 1800 lm, lukuvalo 450 lm V\u00e4ril\u00e4mp\u00f6tila: 3000 K V\u00e4ri: antiikkimessinki<\/p>\n","protected":false},"featured_media":5118,"comment_status":"closed","ping_status":"closed","template":"","meta":[],"product_brand":[],"product_cat":[43,35,34],"product_tag":[],"class_list":{"0":"post-228","1":"product","2":"type-product","3":"status-publish","4":"has-post-thumbnail","6":"product_cat-lattiavalaisimet","7":"product_cat-sisavalaisimet","8":"product_cat-valaisimet","10":"first","11":"outofstock","12":"taxable","13":"shipping-taxable","14":"purchasable","15":"product-type-simple"},"_links":{"self":[{"href":"https:\/\/www.ksttukku.fi\/kauppa\/wp-json\/wp\/v2\/product\/228","targetHints":{"allow":["GET"]}}],"collection":[{"href":"https:\/\/www.ksttukku.fi\/kauppa\/wp-json\/wp\/v2\/product"}],"about":[{"href":"https:\/\/www.ksttukku.fi\/kauppa\/wp-json\/wp\/v2\/types\/product"}],"replies":[{"embeddable":true,"href":"https:\/\/www.ksttukku.fi\/kauppa\/wp-json\/wp\/v2\/comments?post=228"}],"wp:featuredmedia":[{"embeddable":true,"href":"https:\/\/www.ksttukku.fi\/kauppa\/wp-json\/wp\/v2\/media\/5118"}],"wp:attachment":[{"href":"https:\/\/www.ksttukku.fi\/kauppa\/wp-json\/wp\/v2\/media?parent=228"}],"wp:term":[{"taxonomy":"product_brand","embeddable":true,"href":"https:\/\/www.ksttukku.fi\/kauppa\/wp-json\/wp\/v2\/product_brand?post=228"},{"taxonomy":"product_cat","embeddable":true,"href":"https:\/\/www.ksttukku.fi\/kauppa\/wp-json\/wp\/v2\/product_cat?post=228"},{"taxonomy":"product_tag","embeddable":true,"href":"https:\/\/www.ksttukku.fi\/kauppa\/wp-json\/wp\/v2\/product_tag?post=228"}],"curies":[{"name":"wp","href":"https:\/\/api.w.org\/{rel}","templated":true}]}}