{"id":2284,"date":"2018-10-19T13:29:58","date_gmt":"2018-10-19T10:29:58","guid":{"rendered":"http:\/\/www.ksttukku.fi\/kauppa\/?post_type=product&#038;p=2284"},"modified":"2025-10-01T12:44:51","modified_gmt":"2025-10-01T09:44:51","slug":"orava-40led","status":"publish","type":"product","link":"https:\/\/www.ksttukku.fi\/kauppa\/tuote\/orava-40led\/","title":{"rendered":"Orava 40led IP44"},"content":{"rendered":"<p>Koko: 30,5 x 12 x 27 cm.<br \/>\nValkoinen led, 40 kpl<br \/>\nLiit\u00e4nt\u00e4johto 5 m.<br \/>\nIP44 sis\u00e4- ja ulkok\u00e4ytt\u00f6\u00f6n.<\/p>\n","protected":false},"excerpt":{"rendered":"<p>Koko: 30,5 x 12 x 27 cm. Valkoinen led, 40 kpl Liit\u00e4nt\u00e4johto 5 m. IP44 sis\u00e4- ja ulkok\u00e4ytt\u00f6\u00f6n.<\/p>\n","protected":false},"featured_media":2285,"comment_status":"closed","ping_status":"closed","template":"","meta":[],"product_brand":[],"product_cat":[179,176],"product_tag":[],"class_list":{"0":"post-2284","1":"product","2":"type-product","3":"status-publish","4":"has-post-thumbnail","6":"product_cat-akryylivalaisimet","7":"product_cat-joulu-ja-koristevalot","9":"first","10":"outofstock","11":"taxable","12":"shipping-taxable","13":"purchasable","14":"product-type-simple"},"_links":{"self":[{"href":"https:\/\/www.ksttukku.fi\/kauppa\/wp-json\/wp\/v2\/product\/2284","targetHints":{"allow":["GET"]}}],"collection":[{"href":"https:\/\/www.ksttukku.fi\/kauppa\/wp-json\/wp\/v2\/product"}],"about":[{"href":"https:\/\/www.ksttukku.fi\/kauppa\/wp-json\/wp\/v2\/types\/product"}],"replies":[{"embeddable":true,"href":"https:\/\/www.ksttukku.fi\/kauppa\/wp-json\/wp\/v2\/comments?post=2284"}],"wp:featuredmedia":[{"embeddable":true,"href":"https:\/\/www.ksttukku.fi\/kauppa\/wp-json\/wp\/v2\/media\/2285"}],"wp:attachment":[{"href":"https:\/\/www.ksttukku.fi\/kauppa\/wp-json\/wp\/v2\/media?parent=2284"}],"wp:term":[{"taxonomy":"product_brand","embeddable":true,"href":"https:\/\/www.ksttukku.fi\/kauppa\/wp-json\/wp\/v2\/product_brand?post=2284"},{"taxonomy":"product_cat","embeddable":true,"href":"https:\/\/www.ksttukku.fi\/kauppa\/wp-json\/wp\/v2\/product_cat?post=2284"},{"taxonomy":"product_tag","embeddable":true,"href":"https:\/\/www.ksttukku.fi\/kauppa\/wp-json\/wp\/v2\/product_tag?post=2284"}],"curies":[{"name":"wp","href":"https:\/\/api.w.org\/{rel}","templated":true}]}}