{"id":2299,"date":"2018-10-23T11:46:00","date_gmt":"2018-10-23T08:46:00","guid":{"rendered":"http:\/\/www.ksttukku.fi\/kauppa\/?post_type=product&#038;p=2299"},"modified":"2018-10-23T17:55:04","modified_gmt":"2018-10-23T14:55:04","slug":"ledlamppu-hamarakytkin-sensorilla-e27-9w-810lm","status":"publish","type":"product","link":"https:\/\/www.ksttukku.fi\/kauppa\/tuote\/ledlamppu-hamarakytkin-sensorilla-e27-9w-810lm\/","title":{"rendered":"Ledlamppu h\u00e4m\u00e4r\u00e4kytkin sensorilla, E27 9W 810lm"},"content":{"rendered":"<p>Lamppu syttyy ja sammuu automaattisesti valon m\u00e4\u00e4r\u00e4n mukaan<\/p>\n<p>Teho: 9 W<\/p>\n<p>Valovirta: 810 lm<\/p>\n<p>Mitat: \u2205 60 x 109 (mm)<\/p>\n<p>V\u00e4ril\u00e4mp\u00f6tila: 4000 K<\/p>\n<p>K\u00e4ytt\u00f6aika: 20000 h<\/p>\n","protected":false},"excerpt":{"rendered":"<p>Lamppu syttyy ja sammuu automaattisesti valon m\u00e4\u00e4r\u00e4n mukaan Teho: 9 W Valovirta: 810 lm Mitat: \u2205 60 x 109 (mm) V\u00e4ril\u00e4mp\u00f6tila: 4000 K K\u00e4ytt\u00f6aika: 20000 h<\/p>\n","protected":false},"featured_media":2302,"comment_status":"closed","ping_status":"closed","template":"","meta":[],"product_brand":[],"product_cat":[185,189],"product_tag":[],"class_list":{"0":"post-2299","1":"product","2":"type-product","3":"status-publish","4":"has-post-thumbnail","6":"product_cat-lamput","7":"product_cat-muut-ledlamput","9":"first","10":"instock","11":"taxable","12":"shipping-taxable","13":"purchasable","14":"product-type-simple"},"_links":{"self":[{"href":"https:\/\/www.ksttukku.fi\/kauppa\/wp-json\/wp\/v2\/product\/2299","targetHints":{"allow":["GET"]}}],"collection":[{"href":"https:\/\/www.ksttukku.fi\/kauppa\/wp-json\/wp\/v2\/product"}],"about":[{"href":"https:\/\/www.ksttukku.fi\/kauppa\/wp-json\/wp\/v2\/types\/product"}],"replies":[{"embeddable":true,"href":"https:\/\/www.ksttukku.fi\/kauppa\/wp-json\/wp\/v2\/comments?post=2299"}],"wp:featuredmedia":[{"embeddable":true,"href":"https:\/\/www.ksttukku.fi\/kauppa\/wp-json\/wp\/v2\/media\/2302"}],"wp:attachment":[{"href":"https:\/\/www.ksttukku.fi\/kauppa\/wp-json\/wp\/v2\/media?parent=2299"}],"wp:term":[{"taxonomy":"product_brand","embeddable":true,"href":"https:\/\/www.ksttukku.fi\/kauppa\/wp-json\/wp\/v2\/product_brand?post=2299"},{"taxonomy":"product_cat","embeddable":true,"href":"https:\/\/www.ksttukku.fi\/kauppa\/wp-json\/wp\/v2\/product_cat?post=2299"},{"taxonomy":"product_tag","embeddable":true,"href":"https:\/\/www.ksttukku.fi\/kauppa\/wp-json\/wp\/v2\/product_tag?post=2299"}],"curies":[{"name":"wp","href":"https:\/\/api.w.org\/{rel}","templated":true}]}}