{"id":2309,"date":"2018-10-24T17:46:46","date_gmt":"2018-10-24T14:46:46","guid":{"rendered":"http:\/\/www.ksttukku.fi\/kauppa\/?post_type=product&#038;p=2309"},"modified":"2025-08-20T15:48:57","modified_gmt":"2025-08-20T12:48:57","slug":"led-suurteholamppu-e27-40w-3400lm-3000k","status":"publish","type":"product","link":"https:\/\/www.ksttukku.fi\/kauppa\/tuote\/led-suurteholamppu-e27-40w-3400lm-3000k\/","title":{"rendered":"Led suurteholamppu E27 37W 3400lm 3000K"},"content":{"rendered":"<p>Sis\u00e4- ja ulkok\u00e4yt\u00f6n yleisvalaistukseen soveltuva eritt\u00e4in tehokas ledilamppu.<\/p>\n<p>Teho: 37 W<\/p>\n<p>Valovirta: 3400 lm<\/p>\n<p>Mitat: \u2205 118 mm, korkeus 204 mm<\/p>\n<p>V\u00e4ril\u00e4mp\u00f6tila: 3000 K<\/p>\n","protected":false},"excerpt":{"rendered":"<p>Sis\u00e4- ja ulkok\u00e4yt\u00f6n yleisvalaistukseen soveltuva eritt\u00e4in tehokas ledilamppu. Teho: 37 W Valovirta: 3400 lm Mitat: \u2205 118 mm, korkeus 204 mm V\u00e4ril\u00e4mp\u00f6tila: 3000 K<\/p>\n","protected":false},"featured_media":2307,"comment_status":"closed","ping_status":"closed","template":"","meta":[],"product_brand":[],"product_cat":[185,189],"product_tag":[],"class_list":{"0":"post-2309","1":"product","2":"type-product","3":"status-publish","4":"has-post-thumbnail","6":"product_cat-lamput","7":"product_cat-muut-ledlamput","9":"first","10":"outofstock","11":"sale","12":"taxable","13":"shipping-taxable","14":"purchasable","15":"product-type-simple"},"_links":{"self":[{"href":"https:\/\/www.ksttukku.fi\/kauppa\/wp-json\/wp\/v2\/product\/2309","targetHints":{"allow":["GET"]}}],"collection":[{"href":"https:\/\/www.ksttukku.fi\/kauppa\/wp-json\/wp\/v2\/product"}],"about":[{"href":"https:\/\/www.ksttukku.fi\/kauppa\/wp-json\/wp\/v2\/types\/product"}],"replies":[{"embeddable":true,"href":"https:\/\/www.ksttukku.fi\/kauppa\/wp-json\/wp\/v2\/comments?post=2309"}],"wp:featuredmedia":[{"embeddable":true,"href":"https:\/\/www.ksttukku.fi\/kauppa\/wp-json\/wp\/v2\/media\/2307"}],"wp:attachment":[{"href":"https:\/\/www.ksttukku.fi\/kauppa\/wp-json\/wp\/v2\/media?parent=2309"}],"wp:term":[{"taxonomy":"product_brand","embeddable":true,"href":"https:\/\/www.ksttukku.fi\/kauppa\/wp-json\/wp\/v2\/product_brand?post=2309"},{"taxonomy":"product_cat","embeddable":true,"href":"https:\/\/www.ksttukku.fi\/kauppa\/wp-json\/wp\/v2\/product_cat?post=2309"},{"taxonomy":"product_tag","embeddable":true,"href":"https:\/\/www.ksttukku.fi\/kauppa\/wp-json\/wp\/v2\/product_tag?post=2309"}],"curies":[{"name":"wp","href":"https:\/\/api.w.org\/{rel}","templated":true}]}}