{"id":2310,"date":"2018-10-24T18:07:25","date_gmt":"2018-10-24T15:07:25","guid":{"rendered":"http:\/\/www.ksttukku.fi\/kauppa\/?post_type=product&#038;p=2310"},"modified":"2024-11-06T12:17:31","modified_gmt":"2024-11-06T10:17:31","slug":"led-suurteholamppu-e27-30w-3300lm-4000k","status":"publish","type":"product","link":"https:\/\/www.ksttukku.fi\/kauppa\/tuote\/led-suurteholamppu-e27-30w-3300lm-4000k\/","title":{"rendered":"Led suurteholamppu E27 30W 3300lm 4000K"},"content":{"rendered":"<p>LED-lamppu, jolla voit korvata elohopea -ja monimetallilamput. Erityisesti ulkovalaisimiin<\/p>\n<p>Teho: 30 W<\/p>\n<p>Valovirta: 3300 lm<\/p>\n<p>Mitat: \u2205 76 mm, korkeus 178 mm<\/p>\n<p>V\u00e4ril\u00e4mp\u00f6tila: 4000 K<\/p>\n<p>Valonjakokulma: 360\u00b0<\/p>\n<p>IP-luokka: IP65<\/p>\n<p>&nbsp;<\/p>\n","protected":false},"excerpt":{"rendered":"<p>LED-lamppu, jolla voit korvata elohopea -ja monimetallilamput. Erityisesti ulkovalaisimiin Teho: 30 W Valovirta: 3300 lm Mitat: \u2205 76 mm, korkeus 178 mm V\u00e4ril\u00e4mp\u00f6tila: 4000 K Valonjakokulma: 360\u00b0 IP-luokka: IP65 &nbsp;<\/p>\n","protected":false},"featured_media":2311,"comment_status":"closed","ping_status":"closed","template":"","meta":[],"product_brand":[],"product_cat":[185,189],"product_tag":[],"class_list":{"0":"post-2310","1":"product","2":"type-product","3":"status-publish","4":"has-post-thumbnail","6":"product_cat-lamput","7":"product_cat-muut-ledlamput","9":"first","10":"instock","11":"taxable","12":"shipping-taxable","13":"purchasable","14":"product-type-simple"},"_links":{"self":[{"href":"https:\/\/www.ksttukku.fi\/kauppa\/wp-json\/wp\/v2\/product\/2310","targetHints":{"allow":["GET"]}}],"collection":[{"href":"https:\/\/www.ksttukku.fi\/kauppa\/wp-json\/wp\/v2\/product"}],"about":[{"href":"https:\/\/www.ksttukku.fi\/kauppa\/wp-json\/wp\/v2\/types\/product"}],"replies":[{"embeddable":true,"href":"https:\/\/www.ksttukku.fi\/kauppa\/wp-json\/wp\/v2\/comments?post=2310"}],"wp:featuredmedia":[{"embeddable":true,"href":"https:\/\/www.ksttukku.fi\/kauppa\/wp-json\/wp\/v2\/media\/2311"}],"wp:attachment":[{"href":"https:\/\/www.ksttukku.fi\/kauppa\/wp-json\/wp\/v2\/media?parent=2310"}],"wp:term":[{"taxonomy":"product_brand","embeddable":true,"href":"https:\/\/www.ksttukku.fi\/kauppa\/wp-json\/wp\/v2\/product_brand?post=2310"},{"taxonomy":"product_cat","embeddable":true,"href":"https:\/\/www.ksttukku.fi\/kauppa\/wp-json\/wp\/v2\/product_cat?post=2310"},{"taxonomy":"product_tag","embeddable":true,"href":"https:\/\/www.ksttukku.fi\/kauppa\/wp-json\/wp\/v2\/product_tag?post=2310"}],"curies":[{"name":"wp","href":"https:\/\/api.w.org\/{rel}","templated":true}]}}