{"id":232,"date":"2018-01-13T14:00:21","date_gmt":"2018-01-13T12:00:21","guid":{"rendered":"http:\/\/www.ksttukku.fi\/kauppa\/?post_type=product&#038;p=232"},"modified":"2018-01-13T14:00:21","modified_gmt":"2018-01-13T12:00:21","slug":"jack-lattiavalaisin-valkoinen","status":"publish","type":"product","link":"https:\/\/www.ksttukku.fi\/kauppa\/tuote\/jack-lattiavalaisin-valkoinen\/","title":{"rendered":"Jack lattiavalaisin valkoinen"},"content":{"rendered":"<p>Jack-lattiavalaisin sopii erinomaisesti lukuvaloksi moneen eri tilaan, esimerkiksi ty\u00f6p\u00f6yd\u00e4n viereen. Mattavalkoinen metallinen valaisin on 153 cm korkea. Kuvun alahalkaisija on 16 cm ja korkeus 27 cm. Kanta E27<\/p>\n","protected":false},"excerpt":{"rendered":"<p>Jack-lattiavalaisin sopii erinomaisesti lukuvaloksi moneen eri tilaan, esimerkiksi ty\u00f6p\u00f6yd\u00e4n viereen. Mattavalkoinen metallinen valaisin on 153 cm korkea. Kuvun alahalkaisija on 16 cm ja korkeus 27 cm. Kanta E27<\/p>\n","protected":false},"featured_media":233,"comment_status":"closed","ping_status":"closed","template":"","meta":[],"product_brand":[],"product_cat":[43,35,34],"product_tag":[],"class_list":{"0":"post-232","1":"product","2":"type-product","3":"status-publish","4":"has-post-thumbnail","6":"product_cat-lattiavalaisimet","7":"product_cat-sisavalaisimet","8":"product_cat-valaisimet","10":"first","11":"instock","12":"taxable","13":"shipping-taxable","14":"purchasable","15":"product-type-simple"},"_links":{"self":[{"href":"https:\/\/www.ksttukku.fi\/kauppa\/wp-json\/wp\/v2\/product\/232","targetHints":{"allow":["GET"]}}],"collection":[{"href":"https:\/\/www.ksttukku.fi\/kauppa\/wp-json\/wp\/v2\/product"}],"about":[{"href":"https:\/\/www.ksttukku.fi\/kauppa\/wp-json\/wp\/v2\/types\/product"}],"replies":[{"embeddable":true,"href":"https:\/\/www.ksttukku.fi\/kauppa\/wp-json\/wp\/v2\/comments?post=232"}],"wp:featuredmedia":[{"embeddable":true,"href":"https:\/\/www.ksttukku.fi\/kauppa\/wp-json\/wp\/v2\/media\/233"}],"wp:attachment":[{"href":"https:\/\/www.ksttukku.fi\/kauppa\/wp-json\/wp\/v2\/media?parent=232"}],"wp:term":[{"taxonomy":"product_brand","embeddable":true,"href":"https:\/\/www.ksttukku.fi\/kauppa\/wp-json\/wp\/v2\/product_brand?post=232"},{"taxonomy":"product_cat","embeddable":true,"href":"https:\/\/www.ksttukku.fi\/kauppa\/wp-json\/wp\/v2\/product_cat?post=232"},{"taxonomy":"product_tag","embeddable":true,"href":"https:\/\/www.ksttukku.fi\/kauppa\/wp-json\/wp\/v2\/product_tag?post=232"}],"curies":[{"name":"wp","href":"https:\/\/api.w.org\/{rel}","templated":true}]}}