{"id":2340,"date":"2018-10-29T12:56:10","date_gmt":"2018-10-29T10:56:10","guid":{"rendered":"http:\/\/www.ksttukku.fi\/kauppa\/?post_type=product&#038;p=2340"},"modified":"2021-02-16T17:29:13","modified_gmt":"2021-02-16T15:29:13","slug":"oiva-seinavalaisin-2-os-ip44-harmaa","status":"publish","type":"product","link":"https:\/\/www.ksttukku.fi\/kauppa\/tuote\/oiva-seinavalaisin-2-os-ip44-harmaa\/","title":{"rendered":"Focus sein\u00e4valaisin 2-os IP44 alu"},"content":{"rendered":"<p>Upea Focus-ulkosein\u00e4valaisin tuo kaivattua valoa julkisivulle. Py\u00f6re\u00e4n muodon ansiosta valaisin yhdistyy upeasti talon sein\u00e4n kanssa. Valaisimen kaksi valonl\u00e4hdett\u00e4 sirottavat valon upeasti p\u00e4\u00e4dyist\u00e4 ett\u00e4 edest\u00e4 luoden upean valoefektin. Valaisin on s\u00e4\u00e4suojattu, IP44 sertifioitu<\/p>\n<p>Rungon v\u00e4ri: Alu<\/p>\n<p>Mitat: Korkeus 23 cm, leveys 11 cm<\/p>\n<p>Kanta: 2 x GU10 (ei sis\u00e4ll\u00e4 lamppuja)<\/p>\n<p>IP-luokka: IP44<\/p>\n<p>Materiaali: metalli, iskunkest\u00e4v\u00e4 polykarbonaatti<\/p>\n<p>Design Kristin Kverneland \/ Nj\u00e5rd Lone MNID<\/p>\n","protected":false},"excerpt":{"rendered":"<p>Upea Focus-ulkosein\u00e4valaisin tuo kaivattua valoa julkisivulle. Py\u00f6re\u00e4n muodon ansiosta valaisin yhdistyy upeasti talon sein\u00e4n kanssa. Valaisimen kaksi valonl\u00e4hdett\u00e4 sirottavat valon upeasti p\u00e4\u00e4dyist\u00e4 ett\u00e4 edest\u00e4 luoden upean valoefektin. Valaisin on s\u00e4\u00e4suojattu, IP44 sertifioitu Rungon v\u00e4ri: Alu Mitat: Korkeus 23 cm, leveys 11 cm Kanta: 2 x GU10 (ei sis\u00e4ll\u00e4 lamppuja) IP-luokka: IP44 Materiaali: metalli, iskunkest\u00e4v\u00e4 polykarbonaatti [&hellip;]<\/p>\n","protected":false},"featured_media":7089,"comment_status":"closed","ping_status":"closed","template":"","meta":[],"product_brand":[],"product_cat":[37,36],"product_tag":[],"class_list":{"0":"post-2340","1":"product","2":"type-product","3":"status-publish","4":"has-post-thumbnail","6":"product_cat-seinavalaisimet","7":"product_cat-ulkovalaisimet","9":"first","10":"instock","11":"taxable","12":"shipping-taxable","13":"purchasable","14":"product-type-simple"},"_links":{"self":[{"href":"https:\/\/www.ksttukku.fi\/kauppa\/wp-json\/wp\/v2\/product\/2340","targetHints":{"allow":["GET"]}}],"collection":[{"href":"https:\/\/www.ksttukku.fi\/kauppa\/wp-json\/wp\/v2\/product"}],"about":[{"href":"https:\/\/www.ksttukku.fi\/kauppa\/wp-json\/wp\/v2\/types\/product"}],"replies":[{"embeddable":true,"href":"https:\/\/www.ksttukku.fi\/kauppa\/wp-json\/wp\/v2\/comments?post=2340"}],"wp:featuredmedia":[{"embeddable":true,"href":"https:\/\/www.ksttukku.fi\/kauppa\/wp-json\/wp\/v2\/media\/7089"}],"wp:attachment":[{"href":"https:\/\/www.ksttukku.fi\/kauppa\/wp-json\/wp\/v2\/media?parent=2340"}],"wp:term":[{"taxonomy":"product_brand","embeddable":true,"href":"https:\/\/www.ksttukku.fi\/kauppa\/wp-json\/wp\/v2\/product_brand?post=2340"},{"taxonomy":"product_cat","embeddable":true,"href":"https:\/\/www.ksttukku.fi\/kauppa\/wp-json\/wp\/v2\/product_cat?post=2340"},{"taxonomy":"product_tag","embeddable":true,"href":"https:\/\/www.ksttukku.fi\/kauppa\/wp-json\/wp\/v2\/product_tag?post=2340"}],"curies":[{"name":"wp","href":"https:\/\/api.w.org\/{rel}","templated":true}]}}