{"id":2352,"date":"2018-10-30T13:38:06","date_gmt":"2018-10-30T11:38:06","guid":{"rendered":"http:\/\/www.ksttukku.fi\/kauppa\/?post_type=product&#038;p=2352"},"modified":"2023-09-21T11:35:36","modified_gmt":"2023-09-21T08:35:36","slug":"iris-5-os-kattovalaisin-antiikkimessinki","status":"publish","type":"product","link":"https:\/\/www.ksttukku.fi\/kauppa\/tuote\/iris-5-os-kattovalaisin-antiikkimessinki\/","title":{"rendered":"Iris 5-os kattovalaisin antiikkimessinki"},"content":{"rendered":"<p>Kaunis viisiosainen Iris-plafondi on aina tyylk\u00e4s ja ajaton. N\u00e4ytt\u00e4v\u00e4 antiikkimessingin v\u00e4rinen valaisin on valmistettu metallista ja siin\u00e4 on lasiset kuvut. Todella helppo asentaa koukkukiinnityksell\u00e4, valaisinpistotulppa sis\u00e4ltyy tuotteeseen 5 X E14 \/ 40W.<\/p>\n<p>Rungon v\u00e4ri: Antiikkimessinki<\/p>\n<p>Mitat: \u2205 50 cm, korkeus 24 cm<\/p>\n<p>Kanta: 5 x E14 (ei sis\u00e4ll\u00e4 lamppuja)<\/p>\n","protected":false},"excerpt":{"rendered":"<p>Kaunis viisiosainen Iris-plafondi on aina tyylk\u00e4s ja ajaton. N\u00e4ytt\u00e4v\u00e4 antiikkimessingin v\u00e4rinen valaisin on valmistettu metallista ja siin\u00e4 on lasiset kuvut. Todella helppo asentaa koukkukiinnityksell\u00e4, valaisinpistotulppa sis\u00e4ltyy tuotteeseen 5 X E14 \/ 40W. Rungon v\u00e4ri: Antiikkimessinki Mitat: \u2205 50 cm, korkeus 24 cm Kanta: 5 x E14 (ei sis\u00e4ll\u00e4 lamppuja)<\/p>\n","protected":false},"featured_media":2353,"comment_status":"closed","ping_status":"closed","template":"","meta":[],"product_brand":[],"product_cat":[40,35,34],"product_tag":[],"class_list":{"0":"post-2352","1":"product","2":"type-product","3":"status-publish","4":"has-post-thumbnail","6":"product_cat-kattovalaisimet","7":"product_cat-sisavalaisimet","8":"product_cat-valaisimet","10":"first","11":"instock","12":"taxable","13":"shipping-taxable","14":"purchasable","15":"product-type-simple"},"_links":{"self":[{"href":"https:\/\/www.ksttukku.fi\/kauppa\/wp-json\/wp\/v2\/product\/2352","targetHints":{"allow":["GET"]}}],"collection":[{"href":"https:\/\/www.ksttukku.fi\/kauppa\/wp-json\/wp\/v2\/product"}],"about":[{"href":"https:\/\/www.ksttukku.fi\/kauppa\/wp-json\/wp\/v2\/types\/product"}],"replies":[{"embeddable":true,"href":"https:\/\/www.ksttukku.fi\/kauppa\/wp-json\/wp\/v2\/comments?post=2352"}],"wp:featuredmedia":[{"embeddable":true,"href":"https:\/\/www.ksttukku.fi\/kauppa\/wp-json\/wp\/v2\/media\/2353"}],"wp:attachment":[{"href":"https:\/\/www.ksttukku.fi\/kauppa\/wp-json\/wp\/v2\/media?parent=2352"}],"wp:term":[{"taxonomy":"product_brand","embeddable":true,"href":"https:\/\/www.ksttukku.fi\/kauppa\/wp-json\/wp\/v2\/product_brand?post=2352"},{"taxonomy":"product_cat","embeddable":true,"href":"https:\/\/www.ksttukku.fi\/kauppa\/wp-json\/wp\/v2\/product_cat?post=2352"},{"taxonomy":"product_tag","embeddable":true,"href":"https:\/\/www.ksttukku.fi\/kauppa\/wp-json\/wp\/v2\/product_tag?post=2352"}],"curies":[{"name":"wp","href":"https:\/\/api.w.org\/{rel}","templated":true}]}}