{"id":2357,"date":"2018-10-30T17:23:57","date_gmt":"2018-10-30T15:23:57","guid":{"rendered":"http:\/\/www.ksttukku.fi\/kauppa\/?post_type=product&#038;p=2357"},"modified":"2018-12-12T17:30:56","modified_gmt":"2018-12-12T15:30:56","slug":"poytavalaisin-pupu-25w-pinkki","status":"publish","type":"product","link":"https:\/\/www.ksttukku.fi\/kauppa\/tuote\/poytavalaisin-pupu-25w-pinkki\/","title":{"rendered":"P\u00f6yt\u00e4valaisin pupu 2,5W pinkki"},"content":{"rendered":"<p>Kolme eri valotehoa.<\/p>\n<p>Kosketushimmennin jolla voit s\u00e4\u00e4t\u00e4\u00e4 valotehon sopivaksi.<\/p>\n<p>Mitat: 19,5 x 16 x 30,5 cm<\/p>\n<p>Teho: 2,5W<\/p>\n<p>Valovirta: 10 \/ 30 \/ 70 lm<\/p>\n<p>IP-luokka: IP20<\/p>\n<p>K\u00e4ytt\u00f6ik\u00e4: 20000 h<\/p>\n","protected":false},"excerpt":{"rendered":"<p>Kolme eri valotehoa. Kosketushimmennin jolla voit s\u00e4\u00e4t\u00e4\u00e4 valotehon sopivaksi. Mitat: 19,5 x 16 x 30,5 cm Teho: 2,5W Valovirta: 10 \/ 30 \/ 70 lm IP-luokka: IP20 K\u00e4ytt\u00f6ik\u00e4: 20000 h<\/p>\n","protected":false},"featured_media":2318,"comment_status":"closed","ping_status":"closed","template":"","meta":[],"product_brand":[],"product_cat":[200,35,34],"product_tag":[],"class_list":{"0":"post-2357","1":"product","2":"type-product","3":"status-publish","4":"has-post-thumbnail","6":"product_cat-lastenhuoneen-valaisimet","7":"product_cat-sisavalaisimet","8":"product_cat-valaisimet","10":"first","11":"instock","12":"taxable","13":"shipping-taxable","14":"purchasable","15":"product-type-simple"},"_links":{"self":[{"href":"https:\/\/www.ksttukku.fi\/kauppa\/wp-json\/wp\/v2\/product\/2357","targetHints":{"allow":["GET"]}}],"collection":[{"href":"https:\/\/www.ksttukku.fi\/kauppa\/wp-json\/wp\/v2\/product"}],"about":[{"href":"https:\/\/www.ksttukku.fi\/kauppa\/wp-json\/wp\/v2\/types\/product"}],"replies":[{"embeddable":true,"href":"https:\/\/www.ksttukku.fi\/kauppa\/wp-json\/wp\/v2\/comments?post=2357"}],"wp:featuredmedia":[{"embeddable":true,"href":"https:\/\/www.ksttukku.fi\/kauppa\/wp-json\/wp\/v2\/media\/2318"}],"wp:attachment":[{"href":"https:\/\/www.ksttukku.fi\/kauppa\/wp-json\/wp\/v2\/media?parent=2357"}],"wp:term":[{"taxonomy":"product_brand","embeddable":true,"href":"https:\/\/www.ksttukku.fi\/kauppa\/wp-json\/wp\/v2\/product_brand?post=2357"},{"taxonomy":"product_cat","embeddable":true,"href":"https:\/\/www.ksttukku.fi\/kauppa\/wp-json\/wp\/v2\/product_cat?post=2357"},{"taxonomy":"product_tag","embeddable":true,"href":"https:\/\/www.ksttukku.fi\/kauppa\/wp-json\/wp\/v2\/product_tag?post=2357"}],"curies":[{"name":"wp","href":"https:\/\/api.w.org\/{rel}","templated":true}]}}