{"id":2361,"date":"2018-10-31T17:40:44","date_gmt":"2018-10-31T15:40:44","guid":{"rendered":"http:\/\/www.ksttukku.fi\/kauppa\/?post_type=product&#038;p=2361"},"modified":"2018-12-19T11:36:12","modified_gmt":"2018-12-19T09:36:12","slug":"joulukupla-ledvaloilla","status":"publish","type":"product","link":"https:\/\/www.ksttukku.fi\/kauppa\/tuote\/joulukupla-ledvaloilla\/","title":{"rendered":"Joulukupla ledvaloilla"},"content":{"rendered":"<p>Koko: 25,5 x 12,5 x 15 cm.<br \/>\n3 l\u00e4mmin valkoista ledi\u00e4, punainen, paristot 3xAA (ei sis).<br \/>\nPolyresiini.<br \/>\nAjastintoiminnolla, 6h p\u00e4\u00e4ll\u00e4 18 h pois p\u00e4\u00e4lt\u00e4.<\/p>\n","protected":false},"excerpt":{"rendered":"<p>Tilap\u00e4isesti loppu<\/p>\n","protected":false},"featured_media":2362,"comment_status":"closed","ping_status":"closed","template":"","meta":[],"product_brand":[],"product_cat":[176,199],"product_tag":[],"class_list":{"0":"post-2361","1":"product","2":"type-product","3":"status-publish","4":"has-post-thumbnail","6":"product_cat-joulu-ja-koristevalot","7":"product_cat-koristevalot","9":"first","10":"outofstock","11":"taxable","12":"shipping-taxable","13":"purchasable","14":"product-type-simple"},"_links":{"self":[{"href":"https:\/\/www.ksttukku.fi\/kauppa\/wp-json\/wp\/v2\/product\/2361","targetHints":{"allow":["GET"]}}],"collection":[{"href":"https:\/\/www.ksttukku.fi\/kauppa\/wp-json\/wp\/v2\/product"}],"about":[{"href":"https:\/\/www.ksttukku.fi\/kauppa\/wp-json\/wp\/v2\/types\/product"}],"replies":[{"embeddable":true,"href":"https:\/\/www.ksttukku.fi\/kauppa\/wp-json\/wp\/v2\/comments?post=2361"}],"wp:featuredmedia":[{"embeddable":true,"href":"https:\/\/www.ksttukku.fi\/kauppa\/wp-json\/wp\/v2\/media\/2362"}],"wp:attachment":[{"href":"https:\/\/www.ksttukku.fi\/kauppa\/wp-json\/wp\/v2\/media?parent=2361"}],"wp:term":[{"taxonomy":"product_brand","embeddable":true,"href":"https:\/\/www.ksttukku.fi\/kauppa\/wp-json\/wp\/v2\/product_brand?post=2361"},{"taxonomy":"product_cat","embeddable":true,"href":"https:\/\/www.ksttukku.fi\/kauppa\/wp-json\/wp\/v2\/product_cat?post=2361"},{"taxonomy":"product_tag","embeddable":true,"href":"https:\/\/www.ksttukku.fi\/kauppa\/wp-json\/wp\/v2\/product_tag?post=2361"}],"curies":[{"name":"wp","href":"https:\/\/api.w.org\/{rel}","templated":true}]}}