{"id":2464,"date":"2019-01-02T17:36:42","date_gmt":"2019-01-02T15:36:42","guid":{"rendered":"http:\/\/www.ksttukku.fi\/kauppa\/?post_type=product&#038;p=2464"},"modified":"2021-09-03T10:23:56","modified_gmt":"2021-09-03T07:23:56","slug":"camillus-kattovalaisin-ip44-15w-1350lm","status":"publish","type":"product","link":"https:\/\/www.ksttukku.fi\/kauppa\/tuote\/camillus-kattovalaisin-ip44-15w-1350lm\/","title":{"rendered":"Camillus kattovalaisin IP44 15W 1350lm 3-step"},"content":{"rendered":"<p>Valaisimen kirkkautta voi s\u00e4\u00e4t\u00e4\u00e4 kolmiportaisesti tavallisen valokatkaisimen avulla.<\/p>\n<p>Teho: 15 W<\/p>\n<p>Valovirta: 1350 lm<\/p>\n<p>V\u00e4ril\u00e4mp\u00f6tila: 3000 K<\/p>\n<p>Mitat: \u2205 26 cm, korkeus 3 cm<\/p>\n<p>V\u00e4ri: Valkoinen<\/p>\n<p>&nbsp;<\/p>\n","protected":false},"excerpt":{"rendered":"<p>Valaisimen kirkkautta voi s\u00e4\u00e4t\u00e4\u00e4 kolmiportaisesti tavallisen valokatkaisimen avulla. Teho: 15 W Valovirta: 1350 lm V\u00e4ril\u00e4mp\u00f6tila: 3000 K Mitat: \u2205 26 cm, korkeus 3 cm V\u00e4ri: Valkoinen &nbsp;<\/p>\n","protected":false},"featured_media":2465,"comment_status":"closed","ping_status":"closed","template":"","meta":[],"product_brand":[],"product_cat":[48,35,34],"product_tag":[],"class_list":{"0":"post-2464","1":"product","2":"type-product","3":"status-publish","4":"has-post-thumbnail","6":"product_cat-kosteantilanvalaisimet","7":"product_cat-sisavalaisimet","8":"product_cat-valaisimet","10":"first","11":"instock","12":"taxable","13":"shipping-taxable","14":"purchasable","15":"product-type-simple"},"_links":{"self":[{"href":"https:\/\/www.ksttukku.fi\/kauppa\/wp-json\/wp\/v2\/product\/2464","targetHints":{"allow":["GET"]}}],"collection":[{"href":"https:\/\/www.ksttukku.fi\/kauppa\/wp-json\/wp\/v2\/product"}],"about":[{"href":"https:\/\/www.ksttukku.fi\/kauppa\/wp-json\/wp\/v2\/types\/product"}],"replies":[{"embeddable":true,"href":"https:\/\/www.ksttukku.fi\/kauppa\/wp-json\/wp\/v2\/comments?post=2464"}],"wp:featuredmedia":[{"embeddable":true,"href":"https:\/\/www.ksttukku.fi\/kauppa\/wp-json\/wp\/v2\/media\/2465"}],"wp:attachment":[{"href":"https:\/\/www.ksttukku.fi\/kauppa\/wp-json\/wp\/v2\/media?parent=2464"}],"wp:term":[{"taxonomy":"product_brand","embeddable":true,"href":"https:\/\/www.ksttukku.fi\/kauppa\/wp-json\/wp\/v2\/product_brand?post=2464"},{"taxonomy":"product_cat","embeddable":true,"href":"https:\/\/www.ksttukku.fi\/kauppa\/wp-json\/wp\/v2\/product_cat?post=2464"},{"taxonomy":"product_tag","embeddable":true,"href":"https:\/\/www.ksttukku.fi\/kauppa\/wp-json\/wp\/v2\/product_tag?post=2464"}],"curies":[{"name":"wp","href":"https:\/\/api.w.org\/{rel}","templated":true}]}}