{"id":2470,"date":"2019-01-03T12:11:45","date_gmt":"2019-01-03T10:11:45","guid":{"rendered":"http:\/\/www.ksttukku.fi\/kauppa\/?post_type=product&#038;p=2470"},"modified":"2019-01-03T12:11:46","modified_gmt":"2019-01-03T10:11:46","slug":"seinavalaisin-yaque-ip44-8w-447lm","status":"publish","type":"product","link":"https:\/\/www.ksttukku.fi\/kauppa\/tuote\/seinavalaisin-yaque-ip44-8w-447lm\/","title":{"rendered":"Sein\u00e4valaisin Yaque IP44 8W 447lm"},"content":{"rendered":"<p>Led sein\u00e4valaisin<\/p>\n<p>Mitat: leveys 460 mm, korkeus 60 mm, et\u00e4isyys sein\u00e4st\u00e4 140 mm<\/p>\n<p>Teho: 8 W<\/p>\n<p>Valovirta: 447 lm<\/p>\n<p>V\u00e4ril\u00e4mp\u00f6tila: 4000 K<\/p>\n<p>IP-luokka: IP44<\/p>\n<p>V\u00e4ri: Kromi<\/p>\n","protected":false},"excerpt":{"rendered":"<p>Led sein\u00e4valaisin Mitat: leveys 460 mm, korkeus 60 mm, et\u00e4isyys sein\u00e4st\u00e4 140 mm Teho: 8 W Valovirta: 447 lm V\u00e4ril\u00e4mp\u00f6tila: 4000 K IP-luokka: IP44 V\u00e4ri: Kromi<\/p>\n","protected":false},"featured_media":2471,"comment_status":"closed","ping_status":"closed","template":"","meta":[],"product_brand":[],"product_cat":[48,35,34],"product_tag":[],"class_list":{"0":"post-2470","1":"product","2":"type-product","3":"status-publish","4":"has-post-thumbnail","6":"product_cat-kosteantilanvalaisimet","7":"product_cat-sisavalaisimet","8":"product_cat-valaisimet","10":"first","11":"instock","12":"taxable","13":"shipping-taxable","14":"purchasable","15":"product-type-simple"},"_links":{"self":[{"href":"https:\/\/www.ksttukku.fi\/kauppa\/wp-json\/wp\/v2\/product\/2470","targetHints":{"allow":["GET"]}}],"collection":[{"href":"https:\/\/www.ksttukku.fi\/kauppa\/wp-json\/wp\/v2\/product"}],"about":[{"href":"https:\/\/www.ksttukku.fi\/kauppa\/wp-json\/wp\/v2\/types\/product"}],"replies":[{"embeddable":true,"href":"https:\/\/www.ksttukku.fi\/kauppa\/wp-json\/wp\/v2\/comments?post=2470"}],"wp:featuredmedia":[{"embeddable":true,"href":"https:\/\/www.ksttukku.fi\/kauppa\/wp-json\/wp\/v2\/media\/2471"}],"wp:attachment":[{"href":"https:\/\/www.ksttukku.fi\/kauppa\/wp-json\/wp\/v2\/media?parent=2470"}],"wp:term":[{"taxonomy":"product_brand","embeddable":true,"href":"https:\/\/www.ksttukku.fi\/kauppa\/wp-json\/wp\/v2\/product_brand?post=2470"},{"taxonomy":"product_cat","embeddable":true,"href":"https:\/\/www.ksttukku.fi\/kauppa\/wp-json\/wp\/v2\/product_cat?post=2470"},{"taxonomy":"product_tag","embeddable":true,"href":"https:\/\/www.ksttukku.fi\/kauppa\/wp-json\/wp\/v2\/product_tag?post=2470"}],"curies":[{"name":"wp","href":"https:\/\/api.w.org\/{rel}","templated":true}]}}