{"id":2480,"date":"2019-01-09T15:20:18","date_gmt":"2019-01-09T13:20:18","guid":{"rendered":"http:\/\/www.ksttukku.fi\/kauppa\/?post_type=product&#038;p=2480"},"modified":"2020-02-19T17:57:18","modified_gmt":"2020-02-19T15:57:18","slug":"rigel-valonauha-230v-50m-ip65-3000k","status":"publish","type":"product","link":"https:\/\/www.ksttukku.fi\/kauppa\/tuote\/rigel-valonauha-230v-50m-ip65-3000k\/","title":{"rendered":"Rigel valonauha 230V 50m IP65 3000K"},"content":{"rendered":"<p>Pitkiin asennuksiin tarkoitettu Rigel toimitetaan 50 metrin keloissa tai valmiiksi m\u00e4\u00e4r\u00e4mittaan valmistettuna metrin v\u00e4lein (1\u201350 m). Nauha kytket\u00e4\u00e4n suoraan 230V:n verkkoj\u00e4nnitteeseen. Kaksi v\u00e4ril\u00e4mp\u00f6tilaa.<\/p>\n<p>Teho: 7 W \/ m<\/p>\n<p>Valovirta: 400 lm \/ m<\/p>\n<p>Kotelointiluokka: IP65<\/p>\n<p>Avauskulma: 120\u00b0<\/p>\n<p>V\u00e4ril\u00e4mp\u00f6tila: 3000 K<\/p>\n<p>Pituus: 50 m<\/p>\n","protected":false},"excerpt":{"rendered":"<p>Pitkiin asennuksiin tarkoitettu Rigel toimitetaan 50 metrin keloissa tai valmiiksi m\u00e4\u00e4r\u00e4mittaan valmistettuna metrin v\u00e4lein (1\u201350 m). Nauha kytket\u00e4\u00e4n suoraan 230V:n verkkoj\u00e4nnitteeseen. Kaksi v\u00e4ril\u00e4mp\u00f6tilaa. Teho: 7 W \/ m Valovirta: 400 lm \/ m Kotelointiluokka: IP65 Avauskulma: 120\u00b0 V\u00e4ril\u00e4mp\u00f6tila: 3000 K Pituus: 50 m<\/p>\n","protected":false},"featured_media":2481,"comment_status":"closed","ping_status":"closed","template":"","meta":[],"product_brand":[],"product_cat":[45],"product_tag":[],"class_list":{"0":"post-2480","1":"product","2":"type-product","3":"status-publish","4":"has-post-thumbnail","6":"product_cat-valonauhat","8":"first","9":"instock","10":"taxable","11":"shipping-taxable","12":"purchasable","13":"product-type-simple"},"_links":{"self":[{"href":"https:\/\/www.ksttukku.fi\/kauppa\/wp-json\/wp\/v2\/product\/2480","targetHints":{"allow":["GET"]}}],"collection":[{"href":"https:\/\/www.ksttukku.fi\/kauppa\/wp-json\/wp\/v2\/product"}],"about":[{"href":"https:\/\/www.ksttukku.fi\/kauppa\/wp-json\/wp\/v2\/types\/product"}],"replies":[{"embeddable":true,"href":"https:\/\/www.ksttukku.fi\/kauppa\/wp-json\/wp\/v2\/comments?post=2480"}],"wp:featuredmedia":[{"embeddable":true,"href":"https:\/\/www.ksttukku.fi\/kauppa\/wp-json\/wp\/v2\/media\/2481"}],"wp:attachment":[{"href":"https:\/\/www.ksttukku.fi\/kauppa\/wp-json\/wp\/v2\/media?parent=2480"}],"wp:term":[{"taxonomy":"product_brand","embeddable":true,"href":"https:\/\/www.ksttukku.fi\/kauppa\/wp-json\/wp\/v2\/product_brand?post=2480"},{"taxonomy":"product_cat","embeddable":true,"href":"https:\/\/www.ksttukku.fi\/kauppa\/wp-json\/wp\/v2\/product_cat?post=2480"},{"taxonomy":"product_tag","embeddable":true,"href":"https:\/\/www.ksttukku.fi\/kauppa\/wp-json\/wp\/v2\/product_tag?post=2480"}],"curies":[{"name":"wp","href":"https:\/\/api.w.org\/{rel}","templated":true}]}}