{"id":2509,"date":"2019-01-23T15:21:39","date_gmt":"2019-01-23T13:21:39","guid":{"rendered":"http:\/\/www.ksttukku.fi\/kauppa\/?post_type=product&#038;p=2509"},"modified":"2019-07-05T18:14:24","modified_gmt":"2019-07-05T15:14:24","slug":"ledputki-120cm-18w-2340lm","status":"publish","type":"product","link":"https:\/\/www.ksttukku.fi\/kauppa\/tuote\/ledputki-120cm-18w-2340lm\/","title":{"rendered":"Ledputki 120cm 18W 2340lm"},"content":{"rendered":"<p>Korvaava LEDlamppu loisteputken tilalle perinteisell\u00e4 kuristimella varustettuihin loisteputkivalaisimiin. Ei sovellu elektronisella liit\u00e4nt\u00e4laitteella varustettuun loistelamppuvalaisimeen.<\/p>\n<p>Sis\u00e4lt\u00e4\u00e4 LED T8 lasiputken sek\u00e4 LED sytyttimen<\/p>\n<p>Lasiputkessa rikkoutumissuoja lasin sirpaloitumista vastaan<\/p>\n<p>130 lm \/ W<\/p>\n<p>Teho: 18 W<\/p>\n<p>Valovirta: 2340 lm<\/p>\n<p>Mitat: Pituus 120 cm<\/p>\n<p>V\u00e4ril\u00e4mp\u00f6tila: 4000 K<\/p>\n","protected":false},"excerpt":{"rendered":"<p>Korvaava LEDlamppu loisteputken tilalle perinteisell\u00e4 kuristimella varustettuihin loisteputkivalaisimiin. Ei sovellu elektronisella liit\u00e4nt\u00e4laitteella varustettuun loistelamppuvalaisimeen. Sis\u00e4lt\u00e4\u00e4 LED T8 lasiputken sek\u00e4 LED sytyttimen Lasiputkessa rikkoutumissuoja lasin sirpaloitumista vastaan 130 lm \/ W Teho: 18 W Valovirta: 2340 lm Mitat: Pituus 120 cm V\u00e4ril\u00e4mp\u00f6tila: 4000 K<\/p>\n","protected":false},"featured_media":3636,"comment_status":"closed","ping_status":"closed","template":"","meta":[],"product_brand":[],"product_cat":[185,202,34],"product_tag":[],"class_list":{"0":"post-2509","1":"product","2":"type-product","3":"status-publish","4":"has-post-thumbnail","6":"product_cat-lamput","7":"product_cat-ledputket","8":"product_cat-valaisimet","10":"first","11":"instock","12":"taxable","13":"shipping-taxable","14":"purchasable","15":"product-type-simple"},"_links":{"self":[{"href":"https:\/\/www.ksttukku.fi\/kauppa\/wp-json\/wp\/v2\/product\/2509","targetHints":{"allow":["GET"]}}],"collection":[{"href":"https:\/\/www.ksttukku.fi\/kauppa\/wp-json\/wp\/v2\/product"}],"about":[{"href":"https:\/\/www.ksttukku.fi\/kauppa\/wp-json\/wp\/v2\/types\/product"}],"replies":[{"embeddable":true,"href":"https:\/\/www.ksttukku.fi\/kauppa\/wp-json\/wp\/v2\/comments?post=2509"}],"wp:featuredmedia":[{"embeddable":true,"href":"https:\/\/www.ksttukku.fi\/kauppa\/wp-json\/wp\/v2\/media\/3636"}],"wp:attachment":[{"href":"https:\/\/www.ksttukku.fi\/kauppa\/wp-json\/wp\/v2\/media?parent=2509"}],"wp:term":[{"taxonomy":"product_brand","embeddable":true,"href":"https:\/\/www.ksttukku.fi\/kauppa\/wp-json\/wp\/v2\/product_brand?post=2509"},{"taxonomy":"product_cat","embeddable":true,"href":"https:\/\/www.ksttukku.fi\/kauppa\/wp-json\/wp\/v2\/product_cat?post=2509"},{"taxonomy":"product_tag","embeddable":true,"href":"https:\/\/www.ksttukku.fi\/kauppa\/wp-json\/wp\/v2\/product_tag?post=2509"}],"curies":[{"name":"wp","href":"https:\/\/api.w.org\/{rel}","templated":true}]}}