{"id":2528,"date":"2019-01-31T17:29:45","date_gmt":"2019-01-31T15:29:45","guid":{"rendered":"http:\/\/www.ksttukku.fi\/kauppa\/?post_type=product&#038;p=2528"},"modified":"2019-02-25T18:09:18","modified_gmt":"2019-02-25T16:09:18","slug":"led-kuituvalosarja-7-os-12w","status":"publish","type":"product","link":"https:\/\/www.ksttukku.fi\/kauppa\/tuote\/led-kuituvalosarja-7-os-12w\/","title":{"rendered":"Led-kuituvalosarja pro 7-os 12W"},"content":{"rendered":"<p>LED kuituvalolla loihdit herk\u00e4n tunnelmavalaistuksen, loistavan t\u00e4htitaivaan tai vaikkapa n\u00e4ytt\u00e4v\u00e4n valoefektin kodin tiloihin. Kuidut voidaan asentaa my\u00f6s saunaan ja kylpyhuoneeseen, projektori sijoitettava kuivaan tilaan. LEDien v\u00e4ri on l\u00e4mmin valkoinen<\/p>\n<p>Projektorin teho: 12W<\/p>\n<p>K\u00e4ytt\u00f6j\u00e4nnite: 230V<\/p>\n<p>IP-luokitus: projektori IP20<\/p>\n<p>Kuitujen mitat: \u00f83mm, 2x2m, 3&#215;2.5m, 2x3m<\/p>\n<p>Kuitujen p\u00e4\u00e4t: 3mm x 7kpl<\/p>\n<p>V\u00e4ril\u00e4mp\u00f6tila (K): 2800-3000K<\/p>\n<p>K\u00e4ytt\u00f6ik\u00e4: 25 000 h<\/p>\n<p>Liit\u00e4nt\u00e4laite: MeanWell GST18A24-P1J Input: 100-240 VAC, 50\/60Hz, 0,5A Output: 24VDC, 750mA, max. 18W IP20, CE, GS, PSE, UL IS 13252(Part1)\/IEC 60950-1<\/p>\n","protected":false},"excerpt":{"rendered":"<p>LED kuituvalolla loihdit herk\u00e4n tunnelmavalaistuksen, loistavan t\u00e4htitaivaan tai vaikkapa n\u00e4ytt\u00e4v\u00e4n valoefektin kodin tiloihin. Kuidut voidaan asentaa my\u00f6s saunaan ja kylpyhuoneeseen, projektori sijoitettava kuivaan tilaan. LEDien v\u00e4ri on l\u00e4mmin valkoinen Projektorin teho: 12W K\u00e4ytt\u00f6j\u00e4nnite: 230V IP-luokitus: projektori IP20 Kuitujen mitat: \u00f83mm, 2x2m, 3&#215;2.5m, 2x3m Kuitujen p\u00e4\u00e4t: 3mm x 7kpl V\u00e4ril\u00e4mp\u00f6tila (K): 2800-3000K K\u00e4ytt\u00f6ik\u00e4: 25 000 h [&hellip;]<\/p>\n","protected":false},"featured_media":2529,"comment_status":"closed","ping_status":"closed","template":"","meta":[],"product_brand":[],"product_cat":[50,35,34],"product_tag":[],"class_list":{"0":"post-2528","1":"product","2":"type-product","3":"status-publish","4":"has-post-thumbnail","6":"product_cat-saunavalaisimet","7":"product_cat-sisavalaisimet","8":"product_cat-valaisimet","10":"first","11":"instock","12":"sale","13":"taxable","14":"shipping-taxable","15":"purchasable","16":"product-type-simple"},"_links":{"self":[{"href":"https:\/\/www.ksttukku.fi\/kauppa\/wp-json\/wp\/v2\/product\/2528","targetHints":{"allow":["GET"]}}],"collection":[{"href":"https:\/\/www.ksttukku.fi\/kauppa\/wp-json\/wp\/v2\/product"}],"about":[{"href":"https:\/\/www.ksttukku.fi\/kauppa\/wp-json\/wp\/v2\/types\/product"}],"replies":[{"embeddable":true,"href":"https:\/\/www.ksttukku.fi\/kauppa\/wp-json\/wp\/v2\/comments?post=2528"}],"wp:featuredmedia":[{"embeddable":true,"href":"https:\/\/www.ksttukku.fi\/kauppa\/wp-json\/wp\/v2\/media\/2529"}],"wp:attachment":[{"href":"https:\/\/www.ksttukku.fi\/kauppa\/wp-json\/wp\/v2\/media?parent=2528"}],"wp:term":[{"taxonomy":"product_brand","embeddable":true,"href":"https:\/\/www.ksttukku.fi\/kauppa\/wp-json\/wp\/v2\/product_brand?post=2528"},{"taxonomy":"product_cat","embeddable":true,"href":"https:\/\/www.ksttukku.fi\/kauppa\/wp-json\/wp\/v2\/product_cat?post=2528"},{"taxonomy":"product_tag","embeddable":true,"href":"https:\/\/www.ksttukku.fi\/kauppa\/wp-json\/wp\/v2\/product_tag?post=2528"}],"curies":[{"name":"wp","href":"https:\/\/api.w.org\/{rel}","templated":true}]}}