{"id":2530,"date":"2019-01-31T17:47:15","date_gmt":"2019-01-31T15:47:15","guid":{"rendered":"http:\/\/www.ksttukku.fi\/kauppa\/?post_type=product&#038;p=2530"},"modified":"2019-02-26T17:55:34","modified_gmt":"2019-02-26T15:55:34","slug":"led-kuituvalosarja-9-os-9w","status":"publish","type":"product","link":"https:\/\/www.ksttukku.fi\/kauppa\/tuote\/led-kuituvalosarja-9-os-9w\/","title":{"rendered":"Led-kuituvalosarja 9-os 9W"},"content":{"rendered":"<p>LED kuituvalolla loihdit herk\u00e4n tunnelmavalaistuksen, loistavan t\u00e4htitaivaan tai vaikkapa n\u00e4ytt\u00e4v\u00e4n valoefektin kodin tiloihin. Kuidut voidaan asentaa my\u00f6s saunaan ja kylpyhuoneeseen, projektori sijoitettava kuivaan tilaan. LEDien v\u00e4ri on l\u00e4mmin valkoinen<\/p>\n<p>Projektorin teho: 9W<\/p>\n<p>K\u00e4ytt\u00f6j\u00e4nnite: 230V<\/p>\n<p>IP-luokitus: Projektori IP20, kuidut IP68<\/p>\n<p>Kuitujen mitat: \u00f81.5mm, 3x2m, 3&#215;2.5m, 3x3m<\/p>\n<p>V\u00e4ril\u00e4mp\u00f6tila (K): 3000K<\/p>\n<p>K\u00e4ytt\u00f6ik\u00e4: 25000 h<\/p>\n<p>Liit\u00e4nt\u00e4laite: MeanWell GST18A12-P1J Input: 100-240 VAC, 50\/60Hz, 0,5A Output: 12VDC, 1,5A, max. 18W IP20, CE, GS, PSE, UL IS 13252(Part1)\/IEC 60950-1<\/p>\n","protected":false},"excerpt":{"rendered":"<p>Tilap\u00e4isesti loppu<\/p>\n","protected":false},"featured_media":2531,"comment_status":"closed","ping_status":"closed","template":"","meta":[],"product_brand":[],"product_cat":[50,35,34],"product_tag":[],"class_list":{"0":"post-2530","1":"product","2":"type-product","3":"status-publish","4":"has-post-thumbnail","6":"product_cat-saunavalaisimet","7":"product_cat-sisavalaisimet","8":"product_cat-valaisimet","10":"first","11":"outofstock","12":"sale","13":"taxable","14":"shipping-taxable","15":"purchasable","16":"product-type-simple"},"_links":{"self":[{"href":"https:\/\/www.ksttukku.fi\/kauppa\/wp-json\/wp\/v2\/product\/2530","targetHints":{"allow":["GET"]}}],"collection":[{"href":"https:\/\/www.ksttukku.fi\/kauppa\/wp-json\/wp\/v2\/product"}],"about":[{"href":"https:\/\/www.ksttukku.fi\/kauppa\/wp-json\/wp\/v2\/types\/product"}],"replies":[{"embeddable":true,"href":"https:\/\/www.ksttukku.fi\/kauppa\/wp-json\/wp\/v2\/comments?post=2530"}],"wp:featuredmedia":[{"embeddable":true,"href":"https:\/\/www.ksttukku.fi\/kauppa\/wp-json\/wp\/v2\/media\/2531"}],"wp:attachment":[{"href":"https:\/\/www.ksttukku.fi\/kauppa\/wp-json\/wp\/v2\/media?parent=2530"}],"wp:term":[{"taxonomy":"product_brand","embeddable":true,"href":"https:\/\/www.ksttukku.fi\/kauppa\/wp-json\/wp\/v2\/product_brand?post=2530"},{"taxonomy":"product_cat","embeddable":true,"href":"https:\/\/www.ksttukku.fi\/kauppa\/wp-json\/wp\/v2\/product_cat?post=2530"},{"taxonomy":"product_tag","embeddable":true,"href":"https:\/\/www.ksttukku.fi\/kauppa\/wp-json\/wp\/v2\/product_tag?post=2530"}],"curies":[{"name":"wp","href":"https:\/\/api.w.org\/{rel}","templated":true}]}}