{"id":2536,"date":"2019-02-11T15:16:35","date_gmt":"2019-02-11T13:16:35","guid":{"rendered":"http:\/\/www.ksttukku.fi\/kauppa\/?post_type=product&#038;p=2536"},"modified":"2019-02-12T11:57:01","modified_gmt":"2019-02-12T09:57:01","slug":"led-paneelivalo-3w-12v-nelio-valkoinen","status":"publish","type":"product","link":"https:\/\/www.ksttukku.fi\/kauppa\/tuote\/led-paneelivalo-3w-12v-nelio-valkoinen\/","title":{"rendered":"Led paneelivalo 3W 12V neli\u00f6 valkoinen"},"content":{"rendered":"<p>Eritt\u00e4in ohut sisustus- ja yleisvalaisin<\/p>\n<p>Johdon pituus 2 m<\/p>\n<p>Teho: 3 W<\/p>\n<p>IP-Luokitus: IP20<\/p>\n<p>Valaisimen koko: 100 x 100 x 5 mm<\/p>\n<p>K\u00e4ytt\u00f6j\u00e4nnite: 12 VDC<\/p>\n<p>V\u00e4ril\u00e4mp\u00f6 4000 K<\/p>\n<p>V\u00e4ri: valkoinen<\/p>\n","protected":false},"excerpt":{"rendered":"<p>Eritt\u00e4in ohut sisustus- ja yleisvalaisin Johdon pituus 2 m Teho: 3 W IP-Luokitus: IP20 Valaisimen koko: 100 x 100 x 5 mm K\u00e4ytt\u00f6j\u00e4nnite: 12 VDC V\u00e4ril\u00e4mp\u00f6 4000 K V\u00e4ri: valkoinen<\/p>\n","protected":false},"featured_media":2537,"comment_status":"closed","ping_status":"closed","template":"","meta":[],"product_brand":[],"product_cat":[46,51,35,34],"product_tag":[],"class_list":{"0":"post-2536","1":"product","2":"type-product","3":"status-publish","4":"has-post-thumbnail","6":"product_cat-alasvalot","7":"product_cat-pinta-asennettavat","8":"product_cat-sisavalaisimet","9":"product_cat-valaisimet","11":"first","12":"instock","13":"taxable","14":"shipping-taxable","15":"purchasable","16":"product-type-simple"},"_links":{"self":[{"href":"https:\/\/www.ksttukku.fi\/kauppa\/wp-json\/wp\/v2\/product\/2536","targetHints":{"allow":["GET"]}}],"collection":[{"href":"https:\/\/www.ksttukku.fi\/kauppa\/wp-json\/wp\/v2\/product"}],"about":[{"href":"https:\/\/www.ksttukku.fi\/kauppa\/wp-json\/wp\/v2\/types\/product"}],"replies":[{"embeddable":true,"href":"https:\/\/www.ksttukku.fi\/kauppa\/wp-json\/wp\/v2\/comments?post=2536"}],"wp:featuredmedia":[{"embeddable":true,"href":"https:\/\/www.ksttukku.fi\/kauppa\/wp-json\/wp\/v2\/media\/2537"}],"wp:attachment":[{"href":"https:\/\/www.ksttukku.fi\/kauppa\/wp-json\/wp\/v2\/media?parent=2536"}],"wp:term":[{"taxonomy":"product_brand","embeddable":true,"href":"https:\/\/www.ksttukku.fi\/kauppa\/wp-json\/wp\/v2\/product_brand?post=2536"},{"taxonomy":"product_cat","embeddable":true,"href":"https:\/\/www.ksttukku.fi\/kauppa\/wp-json\/wp\/v2\/product_cat?post=2536"},{"taxonomy":"product_tag","embeddable":true,"href":"https:\/\/www.ksttukku.fi\/kauppa\/wp-json\/wp\/v2\/product_tag?post=2536"}],"curies":[{"name":"wp","href":"https:\/\/api.w.org\/{rel}","templated":true}]}}