{"id":2559,"date":"2019-02-13T16:11:52","date_gmt":"2019-02-13T14:11:52","guid":{"rendered":"http:\/\/www.ksttukku.fi\/kauppa\/?post_type=product&#038;p=2559"},"modified":"2024-05-16T10:42:35","modified_gmt":"2024-05-16T07:42:35","slug":"kaasusytytin-myrskyliekilla","status":"publish","type":"product","link":"https:\/\/www.ksttukku.fi\/kauppa\/tuote\/kaasusytytin-myrskyliekilla\/","title":{"rendered":"Kaasusytytin myrskyliekill\u00e4"},"content":{"rendered":"<p>Turbosytytin myrskyliekill\u00e4, uudelleen t\u00e4ytett\u00e4v\u00e4, s\u00e4\u00e4dett\u00e4v\u00e4 liekki, taipuisa varsi. V\u00e4ri: musta<\/p>\n","protected":false},"excerpt":{"rendered":"<p>Turbosytytin myrskyliekill\u00e4, uudelleen t\u00e4ytett\u00e4v\u00e4, s\u00e4\u00e4dett\u00e4v\u00e4 liekki, taipuisa varsi. V\u00e4ri: musta<\/p>\n","protected":false},"featured_media":2560,"comment_status":"closed","ping_status":"closed","template":"","meta":[],"product_brand":[],"product_cat":[132,203],"product_tag":[],"class_list":{"0":"post-2559","1":"product","2":"type-product","3":"status-publish","4":"has-post-thumbnail","6":"product_cat-grillit-ja-grillausarvikkeet","7":"product_cat-sytyttimet","9":"first","10":"instock","11":"taxable","12":"shipping-taxable","13":"purchasable","14":"product-type-simple"},"_links":{"self":[{"href":"https:\/\/www.ksttukku.fi\/kauppa\/wp-json\/wp\/v2\/product\/2559","targetHints":{"allow":["GET"]}}],"collection":[{"href":"https:\/\/www.ksttukku.fi\/kauppa\/wp-json\/wp\/v2\/product"}],"about":[{"href":"https:\/\/www.ksttukku.fi\/kauppa\/wp-json\/wp\/v2\/types\/product"}],"replies":[{"embeddable":true,"href":"https:\/\/www.ksttukku.fi\/kauppa\/wp-json\/wp\/v2\/comments?post=2559"}],"wp:featuredmedia":[{"embeddable":true,"href":"https:\/\/www.ksttukku.fi\/kauppa\/wp-json\/wp\/v2\/media\/2560"}],"wp:attachment":[{"href":"https:\/\/www.ksttukku.fi\/kauppa\/wp-json\/wp\/v2\/media?parent=2559"}],"wp:term":[{"taxonomy":"product_brand","embeddable":true,"href":"https:\/\/www.ksttukku.fi\/kauppa\/wp-json\/wp\/v2\/product_brand?post=2559"},{"taxonomy":"product_cat","embeddable":true,"href":"https:\/\/www.ksttukku.fi\/kauppa\/wp-json\/wp\/v2\/product_cat?post=2559"},{"taxonomy":"product_tag","embeddable":true,"href":"https:\/\/www.ksttukku.fi\/kauppa\/wp-json\/wp\/v2\/product_tag?post=2559"}],"curies":[{"name":"wp","href":"https:\/\/api.w.org\/{rel}","templated":true}]}}