{"id":2565,"date":"2019-02-19T15:52:16","date_gmt":"2019-02-19T13:52:16","guid":{"rendered":"http:\/\/www.ksttukku.fi\/kauppa\/?post_type=product&#038;p=2565"},"modified":"2020-01-08T15:58:05","modified_gmt":"2020-01-08T13:58:05","slug":"iida-kattokruunu-antiikinvalkoinen","status":"publish","type":"product","link":"https:\/\/www.ksttukku.fi\/kauppa\/tuote\/iida-kattokruunu-antiikinvalkoinen\/","title":{"rendered":"Iida kattokruunu antiikinvalkoinen"},"content":{"rendered":"<p>Iida-kattokruunu on n\u00e4ytt\u00e4v\u00e4 ja hyv\u00e4n valotehon omaava kattovalaisin. Valaisimen runkomateriaali on metallia ja koristeet kristalli lasia. yhdistyv\u00e4t moderni muoto ja klassinen kristalli. Se sopii vaikkapa eteiseen tai olohuoneeseen kaunistamaan ja tuomaan valoa.<\/p>\n<p>\u2022 V\u00e4ri : Antiikinvalkoinen<br \/>\n\u2022 halk. : 62,0cm<br \/>\n\u2022 kork. : 163,0cm<br \/>\n\u2022 6 x E14 \/ 60W (ei sis\u00e4lly pakkaukseen)<br \/>\nKoukkukiinnitys, sis\u00e4lt\u00e4\u00e4 pistokkeen<\/p>\n","protected":false},"excerpt":{"rendered":"<p>Tilap\u00e4isesti loppu<\/p>\n","protected":false},"featured_media":2566,"comment_status":"closed","ping_status":"closed","template":"","meta":[],"product_brand":[],"product_cat":[49,35,34],"product_tag":[],"class_list":{"0":"post-2565","1":"product","2":"type-product","3":"status-publish","4":"has-post-thumbnail","6":"product_cat-riippuvalaisimet","7":"product_cat-sisavalaisimet","8":"product_cat-valaisimet","10":"first","11":"outofstock","12":"taxable","13":"shipping-taxable","14":"purchasable","15":"product-type-simple"},"_links":{"self":[{"href":"https:\/\/www.ksttukku.fi\/kauppa\/wp-json\/wp\/v2\/product\/2565","targetHints":{"allow":["GET"]}}],"collection":[{"href":"https:\/\/www.ksttukku.fi\/kauppa\/wp-json\/wp\/v2\/product"}],"about":[{"href":"https:\/\/www.ksttukku.fi\/kauppa\/wp-json\/wp\/v2\/types\/product"}],"replies":[{"embeddable":true,"href":"https:\/\/www.ksttukku.fi\/kauppa\/wp-json\/wp\/v2\/comments?post=2565"}],"wp:featuredmedia":[{"embeddable":true,"href":"https:\/\/www.ksttukku.fi\/kauppa\/wp-json\/wp\/v2\/media\/2566"}],"wp:attachment":[{"href":"https:\/\/www.ksttukku.fi\/kauppa\/wp-json\/wp\/v2\/media?parent=2565"}],"wp:term":[{"taxonomy":"product_brand","embeddable":true,"href":"https:\/\/www.ksttukku.fi\/kauppa\/wp-json\/wp\/v2\/product_brand?post=2565"},{"taxonomy":"product_cat","embeddable":true,"href":"https:\/\/www.ksttukku.fi\/kauppa\/wp-json\/wp\/v2\/product_cat?post=2565"},{"taxonomy":"product_tag","embeddable":true,"href":"https:\/\/www.ksttukku.fi\/kauppa\/wp-json\/wp\/v2\/product_tag?post=2565"}],"curies":[{"name":"wp","href":"https:\/\/api.w.org\/{rel}","templated":true}]}}