{"id":2588,"date":"2019-02-23T13:28:10","date_gmt":"2019-02-23T11:28:10","guid":{"rendered":"http:\/\/www.ksttukku.fi\/kauppa\/?post_type=product&#038;p=2588"},"modified":"2020-04-06T12:48:34","modified_gmt":"2020-04-06T09:48:34","slug":"sisustustakka-malmo-musta","status":"publish","type":"product","link":"https:\/\/www.ksttukku.fi\/kauppa\/tuote\/sisustustakka-malmo-musta\/","title":{"rendered":"Sisustustakka Malm\u00f6 musta"},"content":{"rendered":"<p>Koko: 51 x 19,5 x 65 cm.<br \/>\nMateriaali: MDF, ter\u00e4s, muovi, lasi.<br \/>\nkaksi l\u00e4mmitystehoa 1000 \/ 2000W, 220-240V, 50 \/ 60Hz.<br \/>\nKorkeakiilto musta viimeistelty MDF.<br \/>\nLED-valot.<br \/>\nAlaosassa avos\u00e4ilytyslokero.<br \/>\nUusi patentoitu 3D liekki.<br \/>\nLiekin n\u00e4kyvyys kolmelta sivulta.<br \/>\nLiekin s\u00e4\u00e4t\u00f6.<br \/>\nTakkaa voi k\u00e4ytt\u00e4\u00e4 my\u00f6s ilman l\u00e4mmitystoimintoa, liekki erikseen kytkett\u00e4viss\u00e4.<br \/>\nYlil\u00e4mmityssuoja.<br \/>\nKorkealaatuinen hiljainen tuuletin.<br \/>\nKaukos\u00e4\u00e4din.<br \/>\nKoristehalot.<br \/>\nSis\u00e4puolella takavalo.<\/p>\n","protected":false},"excerpt":{"rendered":"<p>Koko: 51 x 19,5 x 65 cm. Materiaali: MDF, ter\u00e4s, muovi, lasi. kaksi l\u00e4mmitystehoa 1000 \/ 2000W, 220-240V, 50 \/ 60Hz. Korkeakiilto musta viimeistelty MDF. LED-valot. Alaosassa avos\u00e4ilytyslokero. Uusi patentoitu 3D liekki. Liekin n\u00e4kyvyys kolmelta sivulta. Liekin s\u00e4\u00e4t\u00f6. Takkaa voi k\u00e4ytt\u00e4\u00e4 my\u00f6s ilman l\u00e4mmitystoimintoa, liekki erikseen kytkett\u00e4viss\u00e4. Ylil\u00e4mmityssuoja. Korkealaatuinen hiljainen tuuletin. Kaukos\u00e4\u00e4din. Koristehalot. Sis\u00e4puolella takavalo.<\/p>\n","protected":false},"featured_media":2589,"comment_status":"closed","ping_status":"closed","template":"","meta":[],"product_brand":[],"product_cat":[204],"product_tag":[],"class_list":{"0":"post-2588","1":"product","2":"type-product","3":"status-publish","4":"has-post-thumbnail","6":"product_cat-sisustustakat","8":"first","9":"instock","10":"taxable","11":"shipping-taxable","12":"purchasable","13":"product-type-simple"},"_links":{"self":[{"href":"https:\/\/www.ksttukku.fi\/kauppa\/wp-json\/wp\/v2\/product\/2588","targetHints":{"allow":["GET"]}}],"collection":[{"href":"https:\/\/www.ksttukku.fi\/kauppa\/wp-json\/wp\/v2\/product"}],"about":[{"href":"https:\/\/www.ksttukku.fi\/kauppa\/wp-json\/wp\/v2\/types\/product"}],"replies":[{"embeddable":true,"href":"https:\/\/www.ksttukku.fi\/kauppa\/wp-json\/wp\/v2\/comments?post=2588"}],"wp:featuredmedia":[{"embeddable":true,"href":"https:\/\/www.ksttukku.fi\/kauppa\/wp-json\/wp\/v2\/media\/2589"}],"wp:attachment":[{"href":"https:\/\/www.ksttukku.fi\/kauppa\/wp-json\/wp\/v2\/media?parent=2588"}],"wp:term":[{"taxonomy":"product_brand","embeddable":true,"href":"https:\/\/www.ksttukku.fi\/kauppa\/wp-json\/wp\/v2\/product_brand?post=2588"},{"taxonomy":"product_cat","embeddable":true,"href":"https:\/\/www.ksttukku.fi\/kauppa\/wp-json\/wp\/v2\/product_cat?post=2588"},{"taxonomy":"product_tag","embeddable":true,"href":"https:\/\/www.ksttukku.fi\/kauppa\/wp-json\/wp\/v2\/product_tag?post=2588"}],"curies":[{"name":"wp","href":"https:\/\/api.w.org\/{rel}","templated":true}]}}