{"id":2598,"date":"2019-02-25T17:00:24","date_gmt":"2019-02-25T15:00:24","guid":{"rendered":"http:\/\/www.ksttukku.fi\/kauppa\/?post_type=product&#038;p=2598"},"modified":"2022-11-07T16:14:48","modified_gmt":"2022-11-07T14:14:48","slug":"pyyhekuivain-ajastimella-130w-kromi","status":"publish","type":"product","link":"https:\/\/www.ksttukku.fi\/kauppa\/tuote\/pyyhekuivain-ajastimella-130w-kromi\/","title":{"rendered":"Pyyhekuivain ajastimella 130W kromi"},"content":{"rendered":"<p>Laajasta pyyhekuivainmallistosta l\u00f6ytyy varmasti sopiva ratkaisu monen kodin kylpyhuoneeseen ja kodinhoitotiloihin. Tuotteet ovat edullisia hankkia ja turvallisia k\u00e4ytt\u00e4\u00e4, sill\u00e4 niiden l\u00e4mp\u00f6tila ei koskaan nouse liian korkeaksi. Kuivaimiin on saatavana lis\u00e4varusteena jalka kiinte\u00e4\u00e4n asennukseen.<\/p>\n<ul>\n<li>Teho 130 W<\/li>\n<li>Kromattu ter\u00e4s<\/li>\n<li>Leveys 530 mm<\/li>\n<li>Korkeus 900 mm<\/li>\n<li>Syvyys 320 mm (hattuhylly)<\/li>\n<li>GS\/T\u00dcV-hyv\u00e4ksynt\u00e4<\/li>\n<li>IPX4-luokitus<\/li>\n<li>Virtajohto 1,5-3 m<\/li>\n<li>On\/off-kytkin<\/li>\n<li>Ajastusaika 2\/4 tuntia<\/li>\n<li>My\u00f6s hattuhylly l\u00e4mpenee<\/li>\n<\/ul>\n","protected":false},"excerpt":{"rendered":"<p>Laajasta pyyhekuivainmallistosta l\u00f6ytyy varmasti sopiva ratkaisu monen kodin kylpyhuoneeseen ja kodinhoitotiloihin. Tuotteet ovat edullisia hankkia ja turvallisia k\u00e4ytt\u00e4\u00e4, sill\u00e4 niiden l\u00e4mp\u00f6tila ei koskaan nouse liian korkeaksi. Kuivaimiin on saatavana lis\u00e4varusteena jalka kiinte\u00e4\u00e4n asennukseen. Teho 130 W Kromattu ter\u00e4s Leveys 530 mm Korkeus 900 mm Syvyys 320 mm (hattuhylly) GS\/T\u00dcV-hyv\u00e4ksynt\u00e4 IPX4-luokitus Virtajohto 1,5-3 m On\/off-kytkin Ajastusaika [&hellip;]<\/p>\n","protected":false},"featured_media":2599,"comment_status":"closed","ping_status":"closed","template":"","meta":[],"product_brand":[],"product_cat":[150,205],"product_tag":[],"class_list":{"0":"post-2598","1":"product","2":"type-product","3":"status-publish","4":"has-post-thumbnail","6":"product_cat-kylpyhuone","7":"product_cat-pyyhekuivaimet","9":"first","10":"instock","11":"taxable","12":"shipping-taxable","13":"purchasable","14":"product-type-simple"},"_links":{"self":[{"href":"https:\/\/www.ksttukku.fi\/kauppa\/wp-json\/wp\/v2\/product\/2598","targetHints":{"allow":["GET"]}}],"collection":[{"href":"https:\/\/www.ksttukku.fi\/kauppa\/wp-json\/wp\/v2\/product"}],"about":[{"href":"https:\/\/www.ksttukku.fi\/kauppa\/wp-json\/wp\/v2\/types\/product"}],"replies":[{"embeddable":true,"href":"https:\/\/www.ksttukku.fi\/kauppa\/wp-json\/wp\/v2\/comments?post=2598"}],"wp:featuredmedia":[{"embeddable":true,"href":"https:\/\/www.ksttukku.fi\/kauppa\/wp-json\/wp\/v2\/media\/2599"}],"wp:attachment":[{"href":"https:\/\/www.ksttukku.fi\/kauppa\/wp-json\/wp\/v2\/media?parent=2598"}],"wp:term":[{"taxonomy":"product_brand","embeddable":true,"href":"https:\/\/www.ksttukku.fi\/kauppa\/wp-json\/wp\/v2\/product_brand?post=2598"},{"taxonomy":"product_cat","embeddable":true,"href":"https:\/\/www.ksttukku.fi\/kauppa\/wp-json\/wp\/v2\/product_cat?post=2598"},{"taxonomy":"product_tag","embeddable":true,"href":"https:\/\/www.ksttukku.fi\/kauppa\/wp-json\/wp\/v2\/product_tag?post=2598"}],"curies":[{"name":"wp","href":"https:\/\/api.w.org\/{rel}","templated":true}]}}