{"id":2629,"date":"2019-03-06T13:32:51","date_gmt":"2019-03-06T11:32:51","guid":{"rendered":"http:\/\/www.ksttukku.fi\/kauppa\/?post_type=product&#038;p=2629"},"modified":"2022-03-14T17:17:00","modified_gmt":"2022-03-14T15:17:00","slug":"mustang-kaasugrilli-clarksville-61-rst","status":"publish","type":"product","link":"https:\/\/www.ksttukku.fi\/kauppa\/tuote\/mustang-kaasugrilli-clarksville-61-rst\/","title":{"rendered":"Mustang kaasugrilli Clarksville 6+1 RST"},"content":{"rendered":"<p>Tuote koottuna: 154 x 54 x 110 cm.<br \/>\nGrillausala: 88 x 41,5 cm.<br \/>\nPolttimot: ruostumaton ter\u00e4s 6 x 19,2kW + 1 sivupoltin 3,2kW. Kokonaisteho (kaikki kaasuluokat) 22,4kW.<br \/>\nL\u00e4mm\u00f6njakolevyt alumiinia.<br \/>\nKaksinkertainen RST410 kupu, p\u00e4\u00e4dyt musta ter\u00e4s.<br \/>\nRST430 l\u00e4mp\u00f6hylly.<br \/>\nValurautaritil\u00e4 2 kpl.<br \/>\nValurautaparila 1 kpl.<br \/>\nRST410 ohjauspaneeli.<br \/>\nRST410 sivup\u00f6ytien etureunat.<br \/>\nKromatut nylon nupit.<br \/>\nRST410 ovet ter\u00e4skahvoilla.<br \/>\nMusta pulverimaalattu alakaappi.<br \/>\n4 py\u00f6r\u00e4\u00e4, joista 2 lukittavia<br \/>\nKaasuluokka I3B\/P(30). Kaasunpaine 30 mbar.<\/p>\n","protected":false},"excerpt":{"rendered":"<p>Tuote koottuna: 154 x 54 x 110 cm. Grillausala: 88 x 41,5 cm. Polttimot: ruostumaton ter\u00e4s 6 x 19,2kW + 1 sivupoltin 3,2kW. Kokonaisteho (kaikki kaasuluokat) 22,4kW. L\u00e4mm\u00f6njakolevyt alumiinia. Kaksinkertainen RST410 kupu, p\u00e4\u00e4dyt musta ter\u00e4s. RST430 l\u00e4mp\u00f6hylly. Valurautaritil\u00e4 2 kpl. Valurautaparila 1 kpl. RST410 ohjauspaneeli. RST410 sivup\u00f6ytien etureunat. Kromatut nylon nupit. RST410 ovet ter\u00e4skahvoilla. Musta [&hellip;]<\/p>\n","protected":false},"featured_media":2630,"comment_status":"closed","ping_status":"closed","template":"","meta":[],"product_brand":[],"product_cat":[132,133],"product_tag":[],"class_list":{"0":"post-2629","1":"product","2":"type-product","3":"status-publish","4":"has-post-thumbnail","6":"product_cat-grillit-ja-grillausarvikkeet","7":"product_cat-grillit","9":"first","10":"instock","11":"taxable","12":"shipping-taxable","13":"purchasable","14":"product-type-simple"},"_links":{"self":[{"href":"https:\/\/www.ksttukku.fi\/kauppa\/wp-json\/wp\/v2\/product\/2629","targetHints":{"allow":["GET"]}}],"collection":[{"href":"https:\/\/www.ksttukku.fi\/kauppa\/wp-json\/wp\/v2\/product"}],"about":[{"href":"https:\/\/www.ksttukku.fi\/kauppa\/wp-json\/wp\/v2\/types\/product"}],"replies":[{"embeddable":true,"href":"https:\/\/www.ksttukku.fi\/kauppa\/wp-json\/wp\/v2\/comments?post=2629"}],"wp:featuredmedia":[{"embeddable":true,"href":"https:\/\/www.ksttukku.fi\/kauppa\/wp-json\/wp\/v2\/media\/2630"}],"wp:attachment":[{"href":"https:\/\/www.ksttukku.fi\/kauppa\/wp-json\/wp\/v2\/media?parent=2629"}],"wp:term":[{"taxonomy":"product_brand","embeddable":true,"href":"https:\/\/www.ksttukku.fi\/kauppa\/wp-json\/wp\/v2\/product_brand?post=2629"},{"taxonomy":"product_cat","embeddable":true,"href":"https:\/\/www.ksttukku.fi\/kauppa\/wp-json\/wp\/v2\/product_cat?post=2629"},{"taxonomy":"product_tag","embeddable":true,"href":"https:\/\/www.ksttukku.fi\/kauppa\/wp-json\/wp\/v2\/product_tag?post=2629"}],"curies":[{"name":"wp","href":"https:\/\/api.w.org\/{rel}","templated":true}]}}